{"id":2992,"date":"2022-12-19T17:08:06","date_gmt":"2022-12-19T17:08:06","guid":{"rendered":"https:\/\/messgida.com.tr\/urun\/pizza-de-pollo\/"},"modified":"2022-12-19T17:08:06","modified_gmt":"2022-12-19T17:08:06","slug":"pizza-de-pollo","status":"publish","type":"product","link":"https:\/\/messgida.com.tr\/es\/urun\/pizza-de-pollo\/","title":{"rendered":"Pizza de pollo"},"content":{"rendered":"<p><strong>Sugerencias de uso<\/strong><br \/>\nSin esperar a que su Mess pizza se postre, col\u00f3quela en el estante del horno sin calentar. Col\u00f3quela en el estante central del horno precalentado a 200-200 C. Hornee durante 8-10 minutos.<\/p>\n<p><strong>Cantidad neta (g\/ml)<\/strong><br \/>\n780<\/p>\n<p><strong>Origen<\/strong><br \/>\nTURQU\u00cdA<\/p>\n<p><strong>Contenido<\/strong><br \/>\nHarina de trigo, agua, queso (leche de vaca pasteurizada, sal, cultivo de queso, cuajo), pasta de tomate (pur\u00e9 de tomate), salchicha de pollo (carne y grasa de pollo, mezcla de especias, sal), salchich\u00f3n de pollo (carne y grasa de pollo, agua, aceite de girasol, mezcla de especias, prote\u00edna de soja, f\u00e9cula de patata, sal), ma\u00edz, aceitunas, salchicha de pollo (carne y grasa de pollo, agua, aceite de girasol, mezcla de especias, prote\u00edna de soja, f\u00e9cula de patata, sal), pimienta, levadura, aceite de girasol, az\u00facar, sal, mezcla de especias (se utilizaron especias irradiadas).<\/p>\n<p><strong>Advertencia sobre al\u00e9rgenos<\/strong><br \/>\nHarina de trigo (gluten), queso (producto l\u00e1cteo), prote\u00edna de soja<\/p>\n<p><strong>Condiciones de almacenamiento<\/strong><br \/>\nConservar a -18 \u00b0C<\/p>\n<p><strong>Operador alimentario \/ Fabricante \/ Importador \/ Distribuidor<\/strong><br \/>\nMESS ALIMENTOS AGRICULTURA IMPORTACI\u00d3N EXPORTACI\u00d3N SAN.VE TI\u0307C.LTD CO.<\/p>\n","protected":false},"excerpt":{"rendered":"<p>Nuestras pizzas, que puede guardar en el frigor\u00edfico durante 24 horas y en el congelador durante 7 d\u00edas despu\u00e9s de comprarlas, se conservan en el congelador a -18 grados hasta 1 a\u00f1o. Para preparar la pizza, basta con meterla en el horno precalentado a 250 grados durante 8 o 10 minutos. Aseg\u00farese de que la bandeja est\u00e1 fr\u00eda y el horno precalentado.<\/p>\n","protected":false},"featured_media":935,"template":"","meta":{"_acf_changed":false},"product_cat":[107],"product_tag":[],"class_list":{"0":"post-2992","1":"product","2":"type-product","3":"status-publish","4":"has-post-thumbnail","6":"product_cat-pizza-es","8":"first","9":"instock","10":"shipping-taxable","11":"product-type-simple"},"acf":[],"yoast_head":"<!-- This site is optimized with the Yoast SEO plugin v22.1 - https:\/\/yoast.com\/wordpress\/plugins\/seo\/ -->\n<title>Pizza de pollo - Mess Dondurulmu\u015f Pizza<\/title>\n<meta name=\"robots\" content=\"index, follow, max-snippet:-1, max-image-preview:large, max-video-preview:-1\" \/>\n<link rel=\"canonical\" href=\"https:\/\/messgida.com.tr\/es\/urun\/pizza-de-pollo\/\" \/>\n<meta property=\"og:locale\" content=\"es_ES\" \/>\n<meta property=\"og:type\" content=\"article\" \/>\n<meta property=\"og:title\" content=\"Pizza de pollo - Mess Dondurulmu\u015f Pizza\" \/>\n<meta property=\"og:description\" content=\"Nuestras pizzas, que puede guardar en el frigor\u00edfico durante 24 horas y en el congelador durante 7 d\u00edas despu\u00e9s de comprarlas, se conservan en el congelador a -18 grados hasta 1 a\u00f1o. Para preparar la pizza, basta con meterla en el horno precalentado a 250 grados durante 8 o 10 minutos. Aseg\u00farese de que la bandeja est\u00e1 fr\u00eda y el horno precalentado.\" \/>\n<meta property=\"og:url\" content=\"https:\/\/messgida.com.tr\/es\/urun\/pizza-de-pollo\/\" \/>\n<meta property=\"og:site_name\" content=\"Mess Dondurulmu\u015f Pizza\" \/>\n<meta property=\"article:publisher\" content=\"https:\/\/www.facebook.com\/messgida\" \/>\n<meta name=\"twitter:card\" content=\"summary_large_image\" \/>\n<meta name=\"twitter:label1\" content=\"Tiempo de lectura\" \/>\n\t<meta name=\"twitter:data1\" content=\"1 minuto\" \/>\n<script type=\"application\/ld+json\" class=\"yoast-schema-graph\">{\"@context\":\"https:\/\/schema.org\",\"@graph\":[{\"@type\":\"WebPage\",\"@id\":\"https:\/\/messgida.com.tr\/es\/urun\/pizza-de-pollo\/\",\"url\":\"https:\/\/messgida.com.tr\/es\/urun\/pizza-de-pollo\/\",\"name\":\"Pizza de pollo - Mess Dondurulmu\u015f Pizza\",\"isPartOf\":{\"@id\":\"https:\/\/messgida.com.tr\/es\/#website\"},\"datePublished\":\"2022-12-19T17:08:06+00:00\",\"dateModified\":\"2022-12-19T17:08:06+00:00\",\"breadcrumb\":{\"@id\":\"https:\/\/messgida.com.tr\/es\/urun\/pizza-de-pollo\/#breadcrumb\"},\"inLanguage\":\"es\",\"potentialAction\":[{\"@type\":\"ReadAction\",\"target\":[\"https:\/\/messgida.com.tr\/es\/urun\/pizza-de-pollo\/\"]}]},{\"@type\":\"BreadcrumbList\",\"@id\":\"https:\/\/messgida.com.tr\/es\/urun\/pizza-de-pollo\/#breadcrumb\",\"itemListElement\":[{\"@type\":\"ListItem\",\"position\":1,\"name\":\"Anasayfa\",\"item\":\"https:\/\/messgida.com.tr\/es\/pagina-de-inicio\/\"},{\"@type\":\"ListItem\",\"position\":2,\"name\":\"Products\",\"item\":\"https:\/\/messgida.com.tr\/es\/shop\/\"},{\"@type\":\"ListItem\",\"position\":3,\"name\":\"Pizza de pollo\"}]},{\"@type\":\"WebSite\",\"@id\":\"https:\/\/messgida.com.tr\/es\/#website\",\"url\":\"https:\/\/messgida.com.tr\/es\/\",\"name\":\"Mess Dondurulmu\u015f Pizza\",\"description\":\"Tazeli\u011fin \u0130zinde Dondurulmu\u015f Lezzetler\",\"publisher\":{\"@id\":\"https:\/\/messgida.com.tr\/es\/#organization\"},\"potentialAction\":[{\"@type\":\"SearchAction\",\"target\":{\"@type\":\"EntryPoint\",\"urlTemplate\":\"https:\/\/messgida.com.tr\/es\/?s={search_term_string}\"},\"query-input\":\"required name=search_term_string\"}],\"inLanguage\":\"es\"},{\"@type\":\"Organization\",\"@id\":\"https:\/\/messgida.com.tr\/es\/#organization\",\"name\":\"Mess Dondurulmu\u015f Pizza\",\"url\":\"https:\/\/messgida.com.tr\/es\/\",\"logo\":{\"@type\":\"ImageObject\",\"inLanguage\":\"es\",\"@id\":\"https:\/\/messgida.com.tr\/es\/#\/schema\/logo\/image\/\",\"url\":\"https:\/\/messgida.com.tr\/wp-content\/uploads\/2023\/02\/messgida-logo-dark.svg\",\"contentUrl\":\"https:\/\/messgida.com.tr\/wp-content\/uploads\/2023\/02\/messgida-logo-dark.svg\",\"width\":250,\"height\":46.07,\"caption\":\"Mess Dondurulmu\u015f Pizza\"},\"image\":{\"@id\":\"https:\/\/messgida.com.tr\/es\/#\/schema\/logo\/image\/\"},\"sameAs\":[\"https:\/\/www.facebook.com\/messgida\"]}]}<\/script>\n<!-- \/ Yoast SEO plugin. -->","yoast_head_json":{"title":"Pizza de pollo - Mess Dondurulmu\u015f Pizza","robots":{"index":"index","follow":"follow","max-snippet":"max-snippet:-1","max-image-preview":"max-image-preview:large","max-video-preview":"max-video-preview:-1"},"canonical":"https:\/\/messgida.com.tr\/es\/urun\/pizza-de-pollo\/","og_locale":"es_ES","og_type":"article","og_title":"Pizza de pollo - Mess Dondurulmu\u015f Pizza","og_description":"Nuestras pizzas, que puede guardar en el frigor\u00edfico durante 24 horas y en el congelador durante 7 d\u00edas despu\u00e9s de comprarlas, se conservan en el congelador a -18 grados hasta 1 a\u00f1o. Para preparar la pizza, basta con meterla en el horno precalentado a 250 grados durante 8 o 10 minutos. Aseg\u00farese de que la bandeja est\u00e1 fr\u00eda y el horno precalentado.","og_url":"https:\/\/messgida.com.tr\/es\/urun\/pizza-de-pollo\/","og_site_name":"Mess Dondurulmu\u015f Pizza","article_publisher":"https:\/\/www.facebook.com\/messgida","twitter_card":"summary_large_image","twitter_misc":{"Tiempo de lectura":"1 minuto"},"schema":{"@context":"https:\/\/schema.org","@graph":[{"@type":"WebPage","@id":"https:\/\/messgida.com.tr\/es\/urun\/pizza-de-pollo\/","url":"https:\/\/messgida.com.tr\/es\/urun\/pizza-de-pollo\/","name":"Pizza de pollo - Mess Dondurulmu\u015f Pizza","isPartOf":{"@id":"https:\/\/messgida.com.tr\/es\/#website"},"datePublished":"2022-12-19T17:08:06+00:00","dateModified":"2022-12-19T17:08:06+00:00","breadcrumb":{"@id":"https:\/\/messgida.com.tr\/es\/urun\/pizza-de-pollo\/#breadcrumb"},"inLanguage":"es","potentialAction":[{"@type":"ReadAction","target":["https:\/\/messgida.com.tr\/es\/urun\/pizza-de-pollo\/"]}]},{"@type":"BreadcrumbList","@id":"https:\/\/messgida.com.tr\/es\/urun\/pizza-de-pollo\/#breadcrumb","itemListElement":[{"@type":"ListItem","position":1,"name":"Anasayfa","item":"https:\/\/messgida.com.tr\/es\/pagina-de-inicio\/"},{"@type":"ListItem","position":2,"name":"Products","item":"https:\/\/messgida.com.tr\/es\/shop\/"},{"@type":"ListItem","position":3,"name":"Pizza de pollo"}]},{"@type":"WebSite","@id":"https:\/\/messgida.com.tr\/es\/#website","url":"https:\/\/messgida.com.tr\/es\/","name":"Mess Dondurulmu\u015f Pizza","description":"Tazeli\u011fin \u0130zinde Dondurulmu\u015f Lezzetler","publisher":{"@id":"https:\/\/messgida.com.tr\/es\/#organization"},"potentialAction":[{"@type":"SearchAction","target":{"@type":"EntryPoint","urlTemplate":"https:\/\/messgida.com.tr\/es\/?s={search_term_string}"},"query-input":"required name=search_term_string"}],"inLanguage":"es"},{"@type":"Organization","@id":"https:\/\/messgida.com.tr\/es\/#organization","name":"Mess Dondurulmu\u015f Pizza","url":"https:\/\/messgida.com.tr\/es\/","logo":{"@type":"ImageObject","inLanguage":"es","@id":"https:\/\/messgida.com.tr\/es\/#\/schema\/logo\/image\/","url":"https:\/\/messgida.com.tr\/wp-content\/uploads\/2023\/02\/messgida-logo-dark.svg","contentUrl":"https:\/\/messgida.com.tr\/wp-content\/uploads\/2023\/02\/messgida-logo-dark.svg","width":250,"height":46.07,"caption":"Mess Dondurulmu\u015f Pizza"},"image":{"@id":"https:\/\/messgida.com.tr\/es\/#\/schema\/logo\/image\/"},"sameAs":["https:\/\/www.facebook.com\/messgida"]}]}},"_links":{"self":[{"href":"https:\/\/messgida.com.tr\/es\/wp-json\/wp\/v2\/product\/2992","targetHints":{"allow":["GET"]}}],"collection":[{"href":"https:\/\/messgida.com.tr\/es\/wp-json\/wp\/v2\/product"}],"about":[{"href":"https:\/\/messgida.com.tr\/es\/wp-json\/wp\/v2\/types\/product"}],"wp:featuredmedia":[{"embeddable":true,"href":"https:\/\/messgida.com.tr\/es\/wp-json\/wp\/v2\/media\/935"}],"wp:attachment":[{"href":"https:\/\/messgida.com.tr\/es\/wp-json\/wp\/v2\/media?parent=2992"}],"wp:term":[{"taxonomy":"product_cat","embeddable":true,"href":"https:\/\/messgida.com.tr\/es\/wp-json\/wp\/v2\/product_cat?post=2992"},{"taxonomy":"product_tag","embeddable":true,"href":"https:\/\/messgida.com.tr\/es\/wp-json\/wp\/v2\/product_tag?post=2992"}],"curies":[{"name":"wp","href":"https:\/\/api.w.org\/{rel}","templated":true}]}}