{"id":2960,"date":"2022-12-05T21:03:33","date_gmt":"2022-12-05T21:03:33","guid":{"rendered":"https:\/\/messgida.com.tr\/pongase-en-contacto-con\/"},"modified":"2024-01-26T19:41:11","modified_gmt":"2024-01-26T19:41:11","slug":"pongase-en-contacto-con","status":"publish","type":"page","link":"https:\/\/messgida.com.tr\/es\/pongase-en-contacto-con\/","title":{"rendered":"P\u00f3ngase en contacto con"},"content":{"rendered":"\t\t<div data-elementor-type=\"wp-page\" data-elementor-id=\"2960\" class=\"elementor elementor-2960 elementor-23\">\n\t\t\t\t\t\t<section class=\"elementor-section elementor-top-section elementor-element elementor-element-1ef0547 elementor-section-boxed elementor-section-height-default elementor-section-height-default\" data-id=\"1ef0547\" data-element_type=\"section\" data-settings=\"{&quot;jet_parallax_layout_list&quot;:[]}\">\n\t\t\t\t\t\t<div class=\"elementor-container elementor-column-gap-default\">\n\t\t\t\t\t<div class=\"elementor-column elementor-col-100 elementor-top-column elementor-element elementor-element-da98167\" data-id=\"da98167\" data-element_type=\"column\">\n\t\t\t<div class=\"elementor-widget-wrap elementor-element-populated\">\n\t\t\t\t\t\t<section class=\"elementor-section elementor-inner-section elementor-element elementor-element-df15e4d elementor-section-boxed elementor-section-height-default elementor-section-height-default\" data-id=\"df15e4d\" data-element_type=\"section\" data-settings=\"{&quot;jet_parallax_layout_list&quot;:[]}\">\n\t\t\t\t\t\t<div class=\"elementor-container elementor-column-gap-default\">\n\t\t\t\t\t<div class=\"elementor-column elementor-col-33 elementor-inner-column elementor-element elementor-element-6c25d07\" data-id=\"6c25d07\" data-element_type=\"column\" data-settings=\"{&quot;background_background&quot;:&quot;gradient&quot;}\">\n\t\t\t<div class=\"elementor-widget-wrap elementor-element-populated\">\n\t\t\t\t\t<div class=\"elementor-background-overlay\"><\/div>\n\t\t\t\t\t\t<div class=\"elementor-element elementor-element-fb6b0fd elementor-widget elementor-widget-heading\" data-id=\"fb6b0fd\" data-element_type=\"widget\" data-widget_type=\"heading.default\">\n\t\t\t\t<div class=\"elementor-widget-container\">\n\t\t\t<style>\/*! elementor - v3.19.0 - 28-02-2024 *\/\n.elementor-heading-title{padding:0;margin:0;line-height:1}.elementor-widget-heading .elementor-heading-title[class*=elementor-size-]>a{color:inherit;font-size:inherit;line-height:inherit}.elementor-widget-heading .elementor-heading-title.elementor-size-small{font-size:15px}.elementor-widget-heading .elementor-heading-title.elementor-size-medium{font-size:19px}.elementor-widget-heading .elementor-heading-title.elementor-size-large{font-size:29px}.elementor-widget-heading .elementor-heading-title.elementor-size-xl{font-size:39px}.elementor-widget-heading .elementor-heading-title.elementor-size-xxl{font-size:59px}<\/style><h4 class=\"elementor-heading-title elementor-size-default\">P\u00f3ngase en contacto con nosotros<\/h4>\t\t<\/div>\n\t\t\t\t<\/div>\n\t\t\t\t<div class=\"elementor-element elementor-element-6bcd54d elementor-widget elementor-widget-heading\" data-id=\"6bcd54d\" data-element_type=\"widget\" data-widget_type=\"heading.default\">\n\t\t\t\t<div class=\"elementor-widget-container\">\n\t\t\t<h6 class=\"elementor-heading-title elementor-size-default\">MESS ALIMENTOS AGRICULTURA IMPORTACI\u00d3N EXPORTACI\u00d3N SAN.VE TI\u0307C.LTD CO.<\/h6>\t\t<\/div>\n\t\t\t\t<\/div>\n\t\t\t\t<div class=\"elementor-element elementor-element-f7bc805 elementor-align-left elementor-icon-list--layout-traditional elementor-list-item-link-full_width elementor-widget elementor-widget-icon-list\" data-id=\"f7bc805\" data-element_type=\"widget\" data-widget_type=\"icon-list.default\">\n\t\t\t\t<div class=\"elementor-widget-container\">\n\t\t\t<link rel=\"stylesheet\" href=\"https:\/\/messgida.com.tr\/wp-content\/plugins\/elementor\/assets\/css\/widget-icon-list.min.css\">\t\t<ul class=\"elementor-icon-list-items\">\n\t\t\t\t\t\t\t<li class=\"elementor-icon-list-item\">\n\t\t\t\t\t\t\t\t\t\t\t<a href=\"tel:902128753377\">\n\n\t\t\t\t\t\t\t\t\t\t\t<span class=\"elementor-icon-list-text\">Tel: 0212 875 33 77<\/span>\n\t\t\t\t\t\t\t\t\t\t\t<\/a>\n\t\t\t\t\t\t\t\t\t<\/li>\n\t\t\t\t\t\t\t\t<li class=\"elementor-icon-list-item\">\n\t\t\t\t\t\t\t\t\t\t\t<a href=\"tel:905332316412\">\n\n\t\t\t\t\t\t\t\t\t\t\t<span class=\"elementor-icon-list-text\">Tel: 0533 231 64 12<\/span>\n\t\t\t\t\t\t\t\t\t\t\t<\/a>\n\t\t\t\t\t\t\t\t\t<\/li>\n\t\t\t\t\t\t\t\t<li class=\"elementor-icon-list-item\">\n\t\t\t\t\t\t\t\t\t\t\t<a href=\"tel:905072304277\">\n\n\t\t\t\t\t\t\t\t\t\t\t<span class=\"elementor-icon-list-text\">Tel: 0507 230 42 77<\/span>\n\t\t\t\t\t\t\t\t\t\t\t<\/a>\n\t\t\t\t\t\t\t\t\t<\/li>\n\t\t\t\t\t\t\t\t<li class=\"elementor-icon-list-item\">\n\t\t\t\t\t\t\t\t\t\t\t<a href=\"mailto:info@messgida.com.tr\">\n\n\t\t\t\t\t\t\t\t\t\t\t<span class=\"elementor-icon-list-text\">Correo electr\u00f3nico: info@messgida.com.tr<\/span>\n\t\t\t\t\t\t\t\t\t\t\t<\/a>\n\t\t\t\t\t\t\t\t\t<\/li>\n\t\t\t\t\t\t\t\t<li class=\"elementor-icon-list-item\">\n\t\t\t\t\t\t\t\t\t\t\t<span class=\"elementor-icon-list-icon\">\n\t\t\t\t\t\t\t<i aria-hidden=\"true\" class=\"fas fa-map-marker-alt\"><\/i>\t\t\t\t\t\t<\/span>\n\t\t\t\t\t\t\t\t\t\t<span class=\"elementor-icon-list-text\">Yakuplu Mah. Beysan San. Si\u00e9ntate. Birlik Cad. Beyport Plaza No: 3 \/ 21 Beylikduzu\/Estambul<\/span>\n\t\t\t\t\t\t\t\t\t<\/li>\n\t\t\t\t\t\t<\/ul>\n\t\t\t\t<\/div>\n\t\t\t\t<\/div>\n\t\t\t\t<div class=\"elementor-element elementor-element-b29f33c elementor-widget elementor-widget-heading\" data-id=\"b29f33c\" data-element_type=\"widget\" data-widget_type=\"heading.default\">\n\t\t\t\t<div class=\"elementor-widget-container\">\n\t\t\t<h6 class=\"elementor-heading-title elementor-size-default\">NUESTRA PLANTA DE PRODUCCI\u00d3N<\/h6>\t\t<\/div>\n\t\t\t\t<\/div>\n\t\t\t\t<div class=\"elementor-element elementor-element-c560525 elementor-widget elementor-widget-html\" data-id=\"c560525\" data-element_type=\"widget\" data-widget_type=\"html.default\">\n\t\t\t\t<div class=\"elementor-widget-container\">\n\t\t\t<iframe src=\"https:\/\/www.google.com\/maps\/embed?pb=!1m14!1m8!1m3!1d12045.362718020815!2d28.683085000000002!3d40.995916!3m2!1i1024!2i768!4f13.1!3m3!1m2!1s0x14caa1b5f3a08457%3A0x60ea9595661be547!2sMess%20G%C4%B1da!5e0!3m2!1str!2sus!4v1686670962128!5m2!1str!2sus\" width=\"600\" height=\"450\" style=\"border:0;\" allowfullscreen=\"\" loading=\"lazy\" referrerpolicy=\"no-referrer-when-downgrade\"><\/iframe>\t\t<\/div>\n\t\t\t\t<\/div>\n\t\t\t\t\t<\/div>\n\t\t<\/div>\n\t\t\t\t<div class=\"elementor-column elementor-col-33 elementor-inner-column elementor-element elementor-element-4370881\" data-id=\"4370881\" data-element_type=\"column\">\n\t\t\t<div class=\"elementor-widget-wrap\">\n\t\t\t\t\t\t\t<\/div>\n\t\t<\/div>\n\t\t\t\t<div class=\"elementor-column elementor-col-33 elementor-inner-column elementor-element elementor-element-c92bcdc\" data-id=\"c92bcdc\" data-element_type=\"column\" data-settings=\"{&quot;background_background&quot;:&quot;classic&quot;}\">\n\t\t\t<div class=\"elementor-widget-wrap elementor-element-populated\">\n\t\t\t\t\t\t<div class=\"elementor-element elementor-element-ff36af2 elementor-widget elementor-widget-heading\" data-id=\"ff36af2\" data-element_type=\"widget\" data-widget_type=\"heading.default\">\n\t\t\t\t<div class=\"elementor-widget-container\">\n\t\t\t<h4 class=\"elementor-heading-title elementor-size-default\">Env\u00edanos un mensaje<\/h4>\t\t<\/div>\n\t\t\t\t<\/div>\n\t\t\t\t<div class=\"elementor-element elementor-element-fdfea08 elementor-widget elementor-widget-raven-divider\" data-id=\"fdfea08\" data-element_type=\"widget\" data-widget_type=\"raven-divider.default\">\n\t\t\t\t<div class=\"elementor-widget-container\">\n\t\t\t\t\t<div class=\"raven-widget-wrapper\">\n\t\t\t<div class=\"raven-divider\">\n\t\t\t\t<span class=\"raven-divider-line raven-divider-solid\"><\/span>\n\t\t\t<\/div>\n\t\t<\/div>\n\t\t\t\t<\/div>\n\t\t\t\t<\/div>\n\t\t\t\t<div class=\"elementor-element elementor-element-144fe16 elementor-widget elementor-widget-heading\" data-id=\"144fe16\" data-element_type=\"widget\" data-widget_type=\"heading.default\">\n\t\t\t\t<div class=\"elementor-widget-container\">\n\t\t\t<p class=\"elementor-heading-title elementor-size-default\">Nos pondremos en contacto con usted lo antes posible.<\/p>\t\t<\/div>\n\t\t\t\t<\/div>\n\t\t\t\t<div class=\"elementor-element elementor-element-2246074 elementor-widget elementor-widget-html\" data-id=\"2246074\" data-element_type=\"widget\" data-widget_type=\"html.default\">\n\t\t\t\t<div class=\"elementor-widget-container\">\n\t\t\t<div id=\"quform-c437a2\" class=\"quform quform-1 quform-theme-underlined quform-support-page-caching\"><form id=\"quform-form-c437a2\" class=\"quform-form quform-form-1\" action=\"\/es\/wp-json\/wp\/v2\/pages\/2960#quform-c437a2\" method=\"post\" enctype=\"multipart\/form-data\" novalidate=\"novalidate\" data-options=\"{&quot;id&quot;:1,&quot;uniqueId&quot;:&quot;c437a2&quot;,&quot;theme&quot;:&quot;underlined&quot;,&quot;ajax&quot;:true,&quot;logic&quot;:{&quot;logic&quot;:[],&quot;dependents&quot;:[],&quot;elementIds&quot;:[],&quot;dependentElementIds&quot;:[],&quot;animate&quot;:true},&quot;currentPageId&quot;:1,&quot;errorsIcon&quot;:&quot;&quot;,&quot;updateFancybox&quot;:true,&quot;hasPages&quot;:false,&quot;pages&quot;:[1],&quot;pageProgressType&quot;:&quot;numbers&quot;,&quot;tooltipsEnabled&quot;:true,&quot;tooltipClasses&quot;:&quot;qtip-quform-dark qtip-shadow&quot;,&quot;tooltipMy&quot;:&quot;left center&quot;,&quot;tooltipAt&quot;:&quot;right center&quot;,&quot;isRtl&quot;:false,&quot;scrollOffset&quot;:-50,&quot;scrollSpeed&quot;:800}\"><button class=\"quform-default-submit\" name=\"quform_submit\" type=\"submit\" value=\"submit\" aria-hidden=\"true\" tabindex=\"-1\"><\/button><div class=\"quform-form-inner quform-form-inner-1\"><input type=\"hidden\" name=\"quform_form_id\" value=\"1\" \/><input type=\"hidden\" name=\"quform_form_uid\" value=\"c437a2\" \/><input type=\"hidden\" name=\"quform_count\" value=\"1\" \/><input type=\"hidden\" name=\"form_url\" value=\"https:\/\/messgida.com.tr\/es\/wp-json\/wp\/v2\/pages\/2960\" \/><input type=\"hidden\" name=\"referring_url\" value=\"\" \/><input type=\"hidden\" name=\"post_id\" value=\"\" \/><input type=\"hidden\" name=\"post_title\" value=\"\" \/><input type=\"hidden\" name=\"quform_current_page_id\" value=\"1\" \/><input type=\"hidden\" name=\"quform_csrf_token\" value=\"lpv08bWo6z0JbDNG75qDdGiH8zQjym0Swgw1higl\" \/><div class=\"quform-elements quform-elements-1 quform-cf quform-responsive-elements-phone-landscape\"><div class=\"quform-element quform-element-page quform-page-1 quform-page-1_1 quform-cf quform-group-style-plain quform-first-page quform-last-page quform-current-page\"><div class=\"quform-child-elements\"><div class=\"quform-element quform-element-name quform-element-1_3 quform-cf quform-element-optional\"><div class=\"quform-spacer\"><div class=\"quform-label quform-label-1_3\"><label class=\"quform-label-text\" id=\"quform_1_3_c437a2_label\">Nombre Apellidos<\/label><\/div><div class=\"quform-inner quform-inner-name quform-inner-1_3\"><div class=\"quform-input quform-input-name quform-input-1_3 quform-cf\"><div class=\"quform-element-row quform-1-columns quform-element-row-size-fixed quform-responsive-columns-phone-landscape\"><div class=\"quform-element-column\"><div class=\"quform-element quform-element-text quform-element-1_3_2 quform-cf quform-element-optional\"><div class=\"quform-spacer\"><div class=\"quform-inner quform-inner-text quform-inner-1_3_2\"><div class=\"quform-input quform-input-text quform-input-1_3_2 quform-cf\"><input type=\"text\" id=\"quform_1_3_2_c437a2\" name=\"quform_1_3[2]\" class=\"quform-field quform-field-text quform-field-1_3_2\" aria-labelledby=\"quform_1_3_c437a2_label\" \/><\/div><\/div><\/div><\/div><\/div><\/div><\/div><\/div><\/div><\/div><div class=\"quform-element quform-element-email quform-element-1_4 quform-cf quform-element-required\"><div class=\"quform-spacer\"><div class=\"quform-label quform-label-1_4\"><label class=\"quform-label-text\" for=\"quform_1_4_c437a2\">Direcci\u00f3n de correo electr\u00f3nico<span class=\"quform-required\">*<\/span><\/label><\/div><div class=\"quform-inner quform-inner-email quform-inner-1_4\"><div class=\"quform-input quform-input-email quform-input-1_4 quform-cf\"><input type=\"email\" id=\"quform_1_4_c437a2\" name=\"quform_1_4\" class=\"quform-field quform-field-email quform-field-1_4\" \/><\/div><\/div><\/div><\/div><div class=\"quform-element quform-element-text quform-element-1_5 quform-cf quform-element-optional\"><div class=\"quform-spacer\"><div class=\"quform-label quform-label-1_5\"><label class=\"quform-label-text\" for=\"quform_1_5_c437a2\">Tel\u00e9fono<\/label><\/div><div class=\"quform-inner quform-inner-text quform-inner-1_5\"><div class=\"quform-input quform-input-text quform-input-1_5 quform-cf\"><input type=\"text\" id=\"quform_1_5_c437a2\" name=\"quform_1_5\" class=\"quform-field quform-field-text quform-field-1_5\" \/><\/div><\/div><\/div><\/div><div class=\"quform-element quform-element-textarea quform-element-1_6 quform-cf quform-element-optional\"><div class=\"quform-spacer\"><div class=\"quform-label quform-label-1_6\"><label class=\"quform-label-text\" for=\"quform_1_6_c437a2\">Su mensaje<\/label><\/div><div class=\"quform-inner quform-inner-textarea quform-inner-1_6\"><div class=\"quform-input quform-input-textarea quform-input-1_6 quform-cf\"><textarea id=\"quform_1_6_c437a2\" name=\"quform_1_6\" class=\"quform-field quform-field-textarea quform-field-1_6\"><\/textarea><\/div><\/div><\/div><\/div><div class=\"quform-element quform-element-captcha quform-element-1_7 quform-cf quform-element-required\"><div class=\"quform-spacer\"><div class=\"quform-label quform-label-1_7\"><label class=\"quform-label-text\" for=\"quform_1_7_c437a2\">Escriba los caracteres<span class=\"quform-required\">*<\/span><\/label><\/div><div class=\"quform-inner quform-inner-captcha quform-inner-1_7\"><div class=\"quform-input quform-input-captcha quform-input-1_7 quform-cf\"><input type=\"text\" id=\"quform_1_7_c437a2\" name=\"quform_1_7\" class=\"quform-field quform-field-captcha quform-field-1_7\" \/><\/div><div class=\"quform-captcha quform-cf\"><div class=\"quform-captcha-image quform-captcha-image-1_7\"><img decoding=\"async\" class=\"quform-captcha-image-img\" src=\"data:image\/png;base64,iVBORw0KGgoAAAANSUhEUgAAAOYAAABQBAMAAAD\/1xTgAAAAG1BMVEX\/\/\/8iIiLHx8eQkJB0dHTj4+OsrKw9PT1ZWVnSMbeoAAAACXBIWXMAAA7EAAAOxAGVKw4bAAADmklEQVRoge1XTVPbMBB1nDjxkSW0zjGmU3olMIUecUshR5tQmmNC+egR8VFyxANt\/3a1kmyvZLDDkGGmM3oHjNcrPWn37UpxHAsLCwsLCwsLCwsLi+fj3ZfYsHjftNf929n9QhmP9gHudNMhg2C9eG0Ch7msF8D9hBO+0WyCI+jn7y187ztzwPuxu1fn6J0wKHNGALcAy4VXOuc+XXQMJpU+oxQkLqi1icOOICBLG8\/F6cnpelWubenCPdepOYQbPl5j8efi\/K52cFPh08FI7MUp3ZKDoY1FTmPN8xFOd1U38jzdn3F9BGVXuvqrPu72LbV6sOIcvHf5X42zPPyQL\/kzeedSu+SPDwA7T3M2oSfnu6PWNixvA6xsTgzO0fDhVPdDkOkTCGKxZkOSGmTOBkYd+BCUlMA5x2j8TWxTqYbR18wwUPEaaCEywbh4PGa4YJZnqa6EjlIHTOiCYYaV1sssKSyJZ1iZ0IgXSRND4ZGoNcR2zou5pE2iyDzP3i9RkLkfUyWXVIo85F4JVkpIVpaIWfj2+zpnbzOirUFmjzPnUSKck6c5fd7gIowEI16J7EBTKg\/OGcjU32UmmT2PbJ3lsdXr3UDsuGJQSqTbkEMTquaGTG+TSDKVu2KFJVL0UWWxOKJGL3DRS7ml8whnopbOaCSVJe+bU1krbajjnIpKCUlHb8mVh3rpyUROC8WoCmOFWwdV5XiDWk6m+kIhSBe6+EipEBIl\/yTvR1k\/JnpxsXqGDOo4VYYatEYFW1MrslB9bxQ9UHK6tC5kl4BeDWcivre1Ns+LZWMtJdFGTrF32uuZ+E9bWlsexluVtYIaC2Lvp373cM2WgzvIOYuR6OBrTWzESYOPrepLBc9KVx7cNJJ4YIgjosTZKPwSIdjQOJPWjuPHD6ECfEmBzAHdlXM0fNjQ\/LK2HRa6baHJY\/QMOZd3qKnWNktQfTTYqHISnD317GYmTne1uk2vNbwwl+SH5dIEBImg\/FN774hkvj16M1M3kZ3c4EvOcenqqoO7wXW\/jjFvZ7423cCQmi8OJBRv5YxeOjut+p6By6wr73V0upO\/M6p3bHoPQ4Ai\/i8CSntlNy1N19b0ztQhW3WqPI\/TvP4gWppEx9Ln0lkIUtgX05lR6+iWc\/TZWwwll0u8jeHVBT7uRUZZHJwdL+y3lMuVtrZ1XFqJcTV+BUS1v04Wj\/ECVTo38Ofya3Mia2U\/t7CwsLCwsPjf8A+2lZdC\/7mKcAAAAABJRU5ErkJggg==\" alt=\"CAPTCHA image\" data-element-id=\"7\" width=\"115\" height=\"40\" \/><\/div><\/div><p class=\"quform-description quform-description-below\">Esto nos ayudar\u00e1 a prevenir el spam, gracias.<\/p><\/div><\/div><\/div><div class=\"quform-element quform-element-submit quform-element-1_2 quform-cf quform-button-size-medium quform-button-width-full\"><div class=\"quform-button-submit quform-button-submit-default quform-button-submit-1_2\"><button name=\"quform_submit\" type=\"submit\" class=\"quform-submit\" value=\"submit\"><span class=\"quform-button-text quform-button-submit-text\">Env\u00ede su mensaje<\/span><\/button><\/div><div class=\"quform-loading quform-loading-position-left quform-loading-type-spinner-1\"><div class=\"quform-loading-inner\"><div class=\"quform-loading-spinner\"><div class=\"quform-loading-spinner-inner\"><\/div><\/div><\/div><\/div><\/div><div class=\"quform-element-tree\"><label for=\"quform_1_0_c437a2\">This field should be left blank<\/label><input type=\"text\" id=\"quform_1_0_c437a2\" name=\"quform_1_0\" class=\"quform-field quform-field-tree quform-field-1_0\" tabindex=\"-1\" autocomplete=\"off\" \/><\/div><\/div><\/div><\/div><\/div><\/form><\/div>\t\t<\/div>\n\t\t\t\t<\/div>\n\t\t\t\t\t<\/div>\n\t\t<\/div>\n\t\t\t\t\t<\/div>\n\t\t<\/section>\n\t\t\t\t\t<\/div>\n\t\t<\/div>\n\t\t\t\t\t<\/div>\n\t\t<\/section>\n\t\t\t\t<\/div>\n\t\t","protected":false},"excerpt":{"rendered":"<p>P\u00f3ngase en contacto con nosotros MESS ALIMENTOS AGRICULTURA IMPORTACI\u00d3N EXPORTACI\u00d3N SAN.VE TI\u0307C.LTD CO. Tel: 0212 875 33 77 Tel: 0533 231 64 12 Tel: 0507 230 42 77 Correo electr\u00f3nico: info@messgida.com.tr Yakuplu Mah. Beysan San. Si\u00e9ntate. Birlik Cad. Beyport Plaza No: 3 \/ 21 Beylikduzu\/Estambul NUESTRA PLANTA DE PRODUCCI\u00d3N Env\u00edanos un mensaje Nos pondremos en [&hellip;]<\/p>\n","protected":false},"author":1,"featured_media":2961,"parent":0,"menu_order":0,"comment_status":"closed","ping_status":"closed","template":"elementor_header_footer","meta":{"_acf_changed":false,"footnotes":""},"class_list":["post-2960","page","type-page","status-publish","has-post-thumbnail","hentry"],"acf":[],"yoast_head":"<!-- This site is optimized with the Yoast SEO plugin v22.1 - https:\/\/yoast.com\/wordpress\/plugins\/seo\/ -->\n<title>P\u00f3ngase en contacto con - Mess Dondurulmu\u015f Pizza<\/title>\n<meta name=\"robots\" content=\"index, follow, max-snippet:-1, max-image-preview:large, max-video-preview:-1\" \/>\n<link rel=\"canonical\" href=\"https:\/\/messgida.com.tr\/es\/pongase-en-contacto-con\/\" \/>\n<meta property=\"og:locale\" content=\"es_ES\" \/>\n<meta property=\"og:type\" content=\"article\" \/>\n<meta property=\"og:title\" content=\"P\u00f3ngase en contacto con - Mess Dondurulmu\u015f Pizza\" \/>\n<meta property=\"og:description\" content=\"P\u00f3ngase en contacto con nosotros MESS ALIMENTOS AGRICULTURA IMPORTACI\u00d3N EXPORTACI\u00d3N SAN.VE TI\u0307C.LTD CO. Tel: 0212 875 33 77 Tel: 0533 231 64 12 Tel: 0507 230 42 77 Correo electr\u00f3nico: info@messgida.com.tr Yakuplu Mah. Beysan San. Si\u00e9ntate. Birlik Cad. Beyport Plaza No: 3 \/ 21 Beylikduzu\/Estambul NUESTRA PLANTA DE PRODUCCI\u00d3N Env\u00edanos un mensaje Nos pondremos en [&hellip;]\" \/>\n<meta property=\"og:url\" content=\"https:\/\/messgida.com.tr\/es\/pongase-en-contacto-con\/\" \/>\n<meta property=\"og:site_name\" content=\"Mess Dondurulmu\u015f Pizza\" \/>\n<meta property=\"article:publisher\" content=\"https:\/\/www.facebook.com\/messgida\" \/>\n<meta property=\"article:modified_time\" content=\"2024-01-26T19:41:11+00:00\" \/>\n<meta property=\"og:image\" content=\"https:\/\/messgida.com.tr\/wp-content\/uploads\/2022\/12\/messgida-images-006.jpg\" \/>\n\t<meta property=\"og:image:width\" content=\"1920\" \/>\n\t<meta property=\"og:image:height\" content=\"1080\" \/>\n\t<meta property=\"og:image:type\" content=\"image\/jpeg\" \/>\n<meta name=\"twitter:card\" content=\"summary_large_image\" \/>\n<script type=\"application\/ld+json\" class=\"yoast-schema-graph\">{\"@context\":\"https:\/\/schema.org\",\"@graph\":[{\"@type\":\"WebPage\",\"@id\":\"https:\/\/messgida.com.tr\/es\/pongase-en-contacto-con\/\",\"url\":\"https:\/\/messgida.com.tr\/es\/pongase-en-contacto-con\/\",\"name\":\"P\u00f3ngase en contacto con - Mess Dondurulmu\u015f Pizza\",\"isPartOf\":{\"@id\":\"https:\/\/messgida.com.tr\/es\/#website\"},\"datePublished\":\"2022-12-05T21:03:33+00:00\",\"dateModified\":\"2024-01-26T19:41:11+00:00\",\"breadcrumb\":{\"@id\":\"https:\/\/messgida.com.tr\/es\/pongase-en-contacto-con\/#breadcrumb\"},\"inLanguage\":\"es\",\"potentialAction\":[{\"@type\":\"ReadAction\",\"target\":[\"https:\/\/messgida.com.tr\/es\/pongase-en-contacto-con\/\"]}]},{\"@type\":\"BreadcrumbList\",\"@id\":\"https:\/\/messgida.com.tr\/es\/pongase-en-contacto-con\/#breadcrumb\",\"itemListElement\":[{\"@type\":\"ListItem\",\"position\":1,\"name\":\"Anasayfa\",\"item\":\"https:\/\/messgida.com.tr\/es\/pagina-de-inicio\/\"},{\"@type\":\"ListItem\",\"position\":2,\"name\":\"P\u00f3ngase en contacto con\"}]},{\"@type\":\"WebSite\",\"@id\":\"https:\/\/messgida.com.tr\/es\/#website\",\"url\":\"https:\/\/messgida.com.tr\/es\/\",\"name\":\"Mess Dondurulmu\u015f Pizza\",\"description\":\"Tazeli\u011fin \u0130zinde Dondurulmu\u015f Lezzetler\",\"publisher\":{\"@id\":\"https:\/\/messgida.com.tr\/es\/#organization\"},\"potentialAction\":[{\"@type\":\"SearchAction\",\"target\":{\"@type\":\"EntryPoint\",\"urlTemplate\":\"https:\/\/messgida.com.tr\/es\/?s={search_term_string}\"},\"query-input\":\"required name=search_term_string\"}],\"inLanguage\":\"es\"},{\"@type\":\"Organization\",\"@id\":\"https:\/\/messgida.com.tr\/es\/#organization\",\"name\":\"Mess Dondurulmu\u015f Pizza\",\"url\":\"https:\/\/messgida.com.tr\/es\/\",\"logo\":{\"@type\":\"ImageObject\",\"inLanguage\":\"es\",\"@id\":\"https:\/\/messgida.com.tr\/es\/#\/schema\/logo\/image\/\",\"url\":\"https:\/\/messgida.com.tr\/wp-content\/uploads\/2023\/02\/messgida-logo-dark.svg\",\"contentUrl\":\"https:\/\/messgida.com.tr\/wp-content\/uploads\/2023\/02\/messgida-logo-dark.svg\",\"width\":250,\"height\":46.07,\"caption\":\"Mess Dondurulmu\u015f Pizza\"},\"image\":{\"@id\":\"https:\/\/messgida.com.tr\/es\/#\/schema\/logo\/image\/\"},\"sameAs\":[\"https:\/\/www.facebook.com\/messgida\"]}]}<\/script>\n<!-- \/ Yoast SEO plugin. -->","yoast_head_json":{"title":"P\u00f3ngase en contacto con - Mess Dondurulmu\u015f Pizza","robots":{"index":"index","follow":"follow","max-snippet":"max-snippet:-1","max-image-preview":"max-image-preview:large","max-video-preview":"max-video-preview:-1"},"canonical":"https:\/\/messgida.com.tr\/es\/pongase-en-contacto-con\/","og_locale":"es_ES","og_type":"article","og_title":"P\u00f3ngase en contacto con - Mess Dondurulmu\u015f Pizza","og_description":"P\u00f3ngase en contacto con nosotros MESS ALIMENTOS AGRICULTURA IMPORTACI\u00d3N EXPORTACI\u00d3N SAN.VE TI\u0307C.LTD CO. Tel: 0212 875 33 77 Tel: 0533 231 64 12 Tel: 0507 230 42 77 Correo electr\u00f3nico: info@messgida.com.tr Yakuplu Mah. Beysan San. Si\u00e9ntate. Birlik Cad. Beyport Plaza No: 3 \/ 21 Beylikduzu\/Estambul NUESTRA PLANTA DE PRODUCCI\u00d3N Env\u00edanos un mensaje Nos pondremos en [&hellip;]","og_url":"https:\/\/messgida.com.tr\/es\/pongase-en-contacto-con\/","og_site_name":"Mess Dondurulmu\u015f Pizza","article_publisher":"https:\/\/www.facebook.com\/messgida","article_modified_time":"2024-01-26T19:41:11+00:00","og_image":[{"width":1920,"height":1080,"url":"https:\/\/messgida.com.tr\/wp-content\/uploads\/2022\/12\/messgida-images-006.jpg","type":"image\/jpeg"}],"twitter_card":"summary_large_image","schema":{"@context":"https:\/\/schema.org","@graph":[{"@type":"WebPage","@id":"https:\/\/messgida.com.tr\/es\/pongase-en-contacto-con\/","url":"https:\/\/messgida.com.tr\/es\/pongase-en-contacto-con\/","name":"P\u00f3ngase en contacto con - Mess Dondurulmu\u015f Pizza","isPartOf":{"@id":"https:\/\/messgida.com.tr\/es\/#website"},"datePublished":"2022-12-05T21:03:33+00:00","dateModified":"2024-01-26T19:41:11+00:00","breadcrumb":{"@id":"https:\/\/messgida.com.tr\/es\/pongase-en-contacto-con\/#breadcrumb"},"inLanguage":"es","potentialAction":[{"@type":"ReadAction","target":["https:\/\/messgida.com.tr\/es\/pongase-en-contacto-con\/"]}]},{"@type":"BreadcrumbList","@id":"https:\/\/messgida.com.tr\/es\/pongase-en-contacto-con\/#breadcrumb","itemListElement":[{"@type":"ListItem","position":1,"name":"Anasayfa","item":"https:\/\/messgida.com.tr\/es\/pagina-de-inicio\/"},{"@type":"ListItem","position":2,"name":"P\u00f3ngase en contacto con"}]},{"@type":"WebSite","@id":"https:\/\/messgida.com.tr\/es\/#website","url":"https:\/\/messgida.com.tr\/es\/","name":"Mess Dondurulmu\u015f Pizza","description":"Tazeli\u011fin \u0130zinde Dondurulmu\u015f Lezzetler","publisher":{"@id":"https:\/\/messgida.com.tr\/es\/#organization"},"potentialAction":[{"@type":"SearchAction","target":{"@type":"EntryPoint","urlTemplate":"https:\/\/messgida.com.tr\/es\/?s={search_term_string}"},"query-input":"required name=search_term_string"}],"inLanguage":"es"},{"@type":"Organization","@id":"https:\/\/messgida.com.tr\/es\/#organization","name":"Mess Dondurulmu\u015f Pizza","url":"https:\/\/messgida.com.tr\/es\/","logo":{"@type":"ImageObject","inLanguage":"es","@id":"https:\/\/messgida.com.tr\/es\/#\/schema\/logo\/image\/","url":"https:\/\/messgida.com.tr\/wp-content\/uploads\/2023\/02\/messgida-logo-dark.svg","contentUrl":"https:\/\/messgida.com.tr\/wp-content\/uploads\/2023\/02\/messgida-logo-dark.svg","width":250,"height":46.07,"caption":"Mess Dondurulmu\u015f Pizza"},"image":{"@id":"https:\/\/messgida.com.tr\/es\/#\/schema\/logo\/image\/"},"sameAs":["https:\/\/www.facebook.com\/messgida"]}]}},"_links":{"self":[{"href":"https:\/\/messgida.com.tr\/es\/wp-json\/wp\/v2\/pages\/2960","targetHints":{"allow":["GET"]}}],"collection":[{"href":"https:\/\/messgida.com.tr\/es\/wp-json\/wp\/v2\/pages"}],"about":[{"href":"https:\/\/messgida.com.tr\/es\/wp-json\/wp\/v2\/types\/page"}],"author":[{"embeddable":true,"href":"https:\/\/messgida.com.tr\/es\/wp-json\/wp\/v2\/users\/1"}],"replies":[{"embeddable":true,"href":"https:\/\/messgida.com.tr\/es\/wp-json\/wp\/v2\/comments?post=2960"}],"version-history":[{"count":0,"href":"https:\/\/messgida.com.tr\/es\/wp-json\/wp\/v2\/pages\/2960\/revisions"}],"wp:featuredmedia":[{"embeddable":true,"href":"https:\/\/messgida.com.tr\/es\/wp-json\/wp\/v2\/media\/2961"}],"wp:attachment":[{"href":"https:\/\/messgida.com.tr\/es\/wp-json\/wp\/v2\/media?parent=2960"}],"curies":[{"name":"wp","href":"https:\/\/api.w.org\/{rel}","templated":true}]}}