{"id":2956,"date":"2022-12-05T21:02:48","date_gmt":"2022-12-05T21:02:48","guid":{"rendered":"https:\/\/messgida.com.tr\/politica-de-cookies\/"},"modified":"2022-12-05T21:02:48","modified_gmt":"2022-12-05T21:02:48","slug":"politica-de-cookies","status":"publish","type":"page","link":"https:\/\/messgida.com.tr\/es\/politica-de-cookies\/","title":{"rendered":"Pol\u00edtica de cookies"},"content":{"rendered":"<p><strong><u>POL\u00cdTICA DE COOKIES<\/u><\/strong><\/p>\n<p>Esta Pol\u00edtica de Cookies explica qu\u00e9 son las cookies y c\u00f3mo las utilizamos.<\/p>\n<p>Las cookies son peque\u00f1os paquetes de informaci\u00f3n que almacena su navegador cuando visita determinados sitios web, incluido el nuestro. En general, los sitios web utilizan cookies para mejorar la experiencia del usuario, permitiendo que el sitio web le recuerde durante la duraci\u00f3n de su visita (mediante una cookie de sesi\u00f3n que se elimina al cerrar el navegador) o para visitas repetidas. No utilizamos cookies para procesar y almacenar datos sensibles como su informaci\u00f3n personal identificable, en particular datos sanitarios sobre usted.<\/p>\n<p><strong>\u00bfPOR QU\u00c9 SON NECESARIAS LAS COOKIES?<\/strong><\/p>\n<p>Las cookies son peque\u00f1os archivos de texto que se utilizan para almacenar informaci\u00f3n de peque\u00f1o tama\u00f1o. Cuando el sitio web se carga en su navegador, las cookies se almacenan en su dispositivo. Estas cookies nos permiten asegurarnos de que el sitio web funciona correctamente, hacerlo m\u00e1s seguro, ofrecer una mejor experiencia al usuario y analizar c\u00f3mo funciona el sitio web, qu\u00e9 es lo que funciona y en qu\u00e9 aspectos es necesario introducir mejoras.<\/p>\n<p>Como la mayor\u00eda de los servicios en l\u00ednea, nuestro sitio web utiliza cookies propias y de terceros para diversos fines. Las cookies de origen son en su mayor\u00eda necesarias para que el sitio web funcione correctamente y no recopilan ning\u00fan dato personal que pueda identificarle.<\/p>\n<p>Las cookies de terceros utilizadas en nuestros sitios web se emplean principalmente para comprender el rendimiento del sitio web, c\u00f3mo interact\u00faa usted con nuestro sitio web, mantener la seguridad de nuestros servicios, ofrecer anuncios que sean relevantes para usted y proporcionarle una presentaci\u00f3n mejor y m\u00e1s completa de todos ellos. Ayuda a acelerar su experiencia de usuario y futuras interacciones con nuestro sitio web.<\/p>\n<p><strong>\u00bfQU\u00c9 TIPO DE COOKIES UTILIZAMOS?<\/strong><\/p>\n<p><strong>Cookies obligatorias\/t\u00e9cnicas:<\/strong> Algunas cookies son obligatorias para que usted experimente la funcionalidad completa de nuestro sitio. Nos permiten mantener las sesiones de los usuarios y evitar amenazas a la seguridad. No recogen ni almacenan informaci\u00f3n personal. Por ejemplo, estas cookies le permiten acceder a partes seguras del sitio web, utilizar sus funciones y navegar por \u00e9l.<\/p>\n<p><strong>Cookies anal\u00edticas:<\/strong> Estas cookies se utilizan para analizar el n\u00famero de visitantes del sitio web, el n\u00famero de visitantes \u00fanicos, qu\u00e9 p\u00e1ginas del sitio web se visitan, el origen de la visita, etc. almacena informaci\u00f3n. Estos datos nos ayudan a analizar y comprobar el rendimiento del sitio web. No contienen datos que puedan identificar la identidad de los visitantes.<\/p>\n<p><strong>Cookies de segmentaci\u00f3n\/publicidad:<\/strong> Utilizadas cuando nuestro sitio web ofrece anuncios. Estas cookies se utilizan para personalizar los anuncios que le mostramos de forma que sean significativos para usted. Estas cookies tambi\u00e9n nos ayudan a hacer un seguimiento de la eficacia de estas campa\u00f1as publicitarias.<\/p>\n<p><strong>Cookies funcionales\/funcionales:<\/strong> Estas son cookies que ayudan con algunas funciones no esenciales en nuestro sitio web. Estas funciones incluyen incrustar contenidos como v\u00eddeos o compartir contenidos del sitio web en plataformas de redes sociales.<\/p>\n<p><strong>POL\u00cdTICA GENERAL SOBRE COOKIES<\/strong><\/p>\n<p>Este sitio web utiliza cookies para mejorar su experiencia mientras navega por \u00e9l. De estas cookies, las que se clasifican como necesarias se almacenan en su navegador, ya que son esenciales para el funcionamiento de las funciones b\u00e1sicas del sitio web. Tambi\u00e9n utilizamos cookies de terceros que nos ayudan a analizar y comprender c\u00f3mo utiliza este sitio web. Estas cookies se almacenan en su navegador s\u00f3lo con su consentimiento. Tambi\u00e9n tiene la opci\u00f3n de excluirse de estas cookies. Sin embargo, no seleccionar algunas de estas cookies puede afectar a su experiencia de navegaci\u00f3n. Las cookies le permiten agilizar sus actividades en futuras visitas.<\/p>\n<p>Las cookies necesarias son absolutamente necesarias para que el sitio web funcione correctamente. Esta categor\u00eda s\u00f3lo incluye cookies que garantizan funcionalidades b\u00e1sicas y caracter\u00edsticas de seguridad del sitio web. Estas cookies no almacenan ninguna informaci\u00f3n personal.<\/p>\n<p>Si desactiva las cookies, es posible que no pueda acceder a algunas funciones de nuestro sitio o que determinados contenidos o funcionalidades no est\u00e9n disponibles.<\/p>\n<p><strong>\u00bfC\u00d3MO GESTIONAR LAS PREFERENCIAS DE COOKIES?<\/strong><\/p>\n<p>Para cambiar sus preferencias sobre el uso de cookies o para bloquearlas o eliminarlas, s\u00f3lo tiene que cambiar la configuraci\u00f3n de su navegador.<\/p>\n<p>Muchos navegadores le dan la opci\u00f3n de aceptar o rechazar cookies, de aceptar s\u00f3lo determinados tipos de cookies o de que el navegador le avise cuando un sitio web solicite almacenar cookies en su dispositivo, de modo que pueda controlarlas.<\/p>\n<p>Tambi\u00e9n es posible eliminar las cookies que ya se han guardado en su navegador.<\/p>\n<p>Si desea desactivar o rechazar las cookies, puede realizar su operaci\u00f3n manualmente utilizando los enlaces que figuran a continuaci\u00f3n.<\/p>\n<p><strong>Para eliminar las cookies en Google Chrome:<\/strong><\/p>\n<p>Selecciona los 3 puntos verticales de la esquina superior derecha de la pantalla de Chrome.<br \/>\nM\u00e1s Herramientas&gt; Seleccione Borrar datos de escaneo.<\/p>\n<p><strong>Para eliminar las cookies en Firefox:<\/strong><\/p>\n<p>Selecciona las 3 l\u00edneas horizontales de la esquina superior derecha de la pantalla de Firefox.<br \/>\nHistorial&gt;Borrar Historial Reciente&#8230;&gt;Cookies Comprobadas&gt;Debe pulsar el bot\u00f3n OK.<\/p>\n<p><strong>Para eliminar las cookies en Microsoft Edge:<\/strong><\/p>\n<p>Selecciona los 3 puntos horizontales de la esquina superior derecha de la pantalla Edge.<br \/>\nConfiguraci\u00f3n&gt;Privacidad, B\u00fasqueda y Servicios &gt; En el centro de la p\u00e1gina, debajo de \u00abSeleccionar elementos para borrar\u00bb&gt;Cookies y Otros datos del sitio est\u00e1n marcados&gt; Debe pulsar el bot\u00f3n Borrar.<\/p>\n<p><strong>Para eliminar las cookies en Internet Explorer:<\/strong><\/p>\n<p>Pulse el bot\u00f3n de la rueda dentada (ajustes) en la esquina superior derecha de la pantalla del Explorador.<br \/>\nVaya a Opciones de Internet&gt;General Delete y haga clic en Delete&gt;Marque Cookie and Website Data en la ventana que se abre&gt;Haga clic en Delete.<\/p>\n<p><strong>Borrar cookies en tel\u00e9fonos m\u00f3viles<\/strong><\/p>\n<p><strong>Safari(Tel\u00e9fono m\u00f3vil)<\/strong><\/p>\n<p><strong>Para iPhone:<\/strong><br \/>\nAjustes &gt; Safari &gt; Borrar historial y datos de sitios web<br \/>\nConfirme<\/p>\n<p><strong>Chrome(Tel\u00e9fono m\u00f3vil)<\/strong><\/p>\n<p><strong>Para iPhone:<\/strong><br \/>\nChrome &gt; Haga clic en los tres puntos de la esquina inferior derecha.<br \/>\nVe a Ajustes.<br \/>\nHaga clic en el bot\u00f3n Privacidad.<br \/>\nBorrar datos de navegaci\u00f3n &gt; Controlar cookies y datos del sitio.<br \/>\nBorrar datos de escaneado &gt; Hecho<\/p>\n<p><strong>Para Android:<\/strong><br \/>\nChrome &gt; M\u00e1s &gt; Configuraci\u00f3n &gt; Privacidad<br \/>\nBorrar datos de exploraci\u00f3n<br \/>\nTodas las horas (opcional)<br \/>\nBorrar datos<\/p>\n<p><strong>Firefox(Tel\u00e9fono m\u00f3vil)<\/strong><\/p>\n<p><strong>Para iPhone:<\/strong><br \/>\nConfiguraci\u00f3n &gt; Privacidad &gt; Gesti\u00f3n de datos &gt; Borrar datos privados<\/p>\n<p><strong>Para Android:<\/strong><br \/>\nMen\u00fa &gt; Privacidad &gt; Borrar ahora &gt; Borrar datos<\/p>\n<p><strong>Opera(Tel\u00e9fono m\u00f3vil)<\/strong><\/p>\n<p>Configuraci\u00f3n &gt; Borrar datos del navegador<br \/>\nPara eliminar todas las cookies, haga clic en Cookies y datos del sitio<br \/>\nA continuaci\u00f3n, haga clic en Limpiar<\/p>\n","protected":false},"excerpt":{"rendered":"<p>POL\u00cdTICA DE COOKIES Esta Pol\u00edtica de Cookies explica qu\u00e9 son las cookies y c\u00f3mo las utilizamos. Las cookies son peque\u00f1os paquetes de informaci\u00f3n que almacena su navegador cuando visita determinados sitios web, incluido el nuestro. En general, los sitios web utilizan cookies para mejorar la experiencia del usuario, permitiendo que el sitio web le recuerde [&hellip;]<\/p>\n","protected":false},"author":1,"featured_media":0,"parent":0,"menu_order":0,"comment_status":"closed","ping_status":"closed","template":"","meta":{"_acf_changed":false,"footnotes":""},"class_list":["post-2956","page","type-page","status-publish","hentry"],"acf":[],"yoast_head":"<!-- This site is optimized with the Yoast SEO plugin v22.1 - https:\/\/yoast.com\/wordpress\/plugins\/seo\/ -->\n<title>Pol\u00edtica de cookies - Mess Dondurulmu\u015f Pizza<\/title>\n<meta name=\"robots\" content=\"index, follow, max-snippet:-1, max-image-preview:large, max-video-preview:-1\" \/>\n<link rel=\"canonical\" href=\"https:\/\/messgida.com.tr\/es\/politica-de-cookies\/\" \/>\n<meta property=\"og:locale\" content=\"es_ES\" \/>\n<meta property=\"og:type\" content=\"article\" \/>\n<meta property=\"og:title\" content=\"Pol\u00edtica de cookies - Mess Dondurulmu\u015f Pizza\" \/>\n<meta property=\"og:description\" content=\"POL\u00cdTICA DE COOKIES Esta Pol\u00edtica de Cookies explica qu\u00e9 son las cookies y c\u00f3mo las utilizamos. Las cookies son peque\u00f1os paquetes de informaci\u00f3n que almacena su navegador cuando visita determinados sitios web, incluido el nuestro. En general, los sitios web utilizan cookies para mejorar la experiencia del usuario, permitiendo que el sitio web le recuerde [&hellip;]\" \/>\n<meta property=\"og:url\" content=\"https:\/\/messgida.com.tr\/es\/politica-de-cookies\/\" \/>\n<meta property=\"og:site_name\" content=\"Mess Dondurulmu\u015f Pizza\" \/>\n<meta property=\"article:publisher\" content=\"https:\/\/www.facebook.com\/messgida\" \/>\n<meta name=\"twitter:card\" content=\"summary_large_image\" \/>\n<meta name=\"twitter:label1\" content=\"Tiempo de lectura\" \/>\n\t<meta name=\"twitter:data1\" content=\"6 minutos\" \/>\n<script type=\"application\/ld+json\" class=\"yoast-schema-graph\">{\"@context\":\"https:\/\/schema.org\",\"@graph\":[{\"@type\":\"WebPage\",\"@id\":\"https:\/\/messgida.com.tr\/es\/politica-de-cookies\/\",\"url\":\"https:\/\/messgida.com.tr\/es\/politica-de-cookies\/\",\"name\":\"Pol\u00edtica de cookies - Mess Dondurulmu\u015f Pizza\",\"isPartOf\":{\"@id\":\"https:\/\/messgida.com.tr\/es\/#website\"},\"datePublished\":\"2022-12-05T21:02:48+00:00\",\"dateModified\":\"2022-12-05T21:02:48+00:00\",\"breadcrumb\":{\"@id\":\"https:\/\/messgida.com.tr\/es\/politica-de-cookies\/#breadcrumb\"},\"inLanguage\":\"es\",\"potentialAction\":[{\"@type\":\"ReadAction\",\"target\":[\"https:\/\/messgida.com.tr\/es\/politica-de-cookies\/\"]}]},{\"@type\":\"BreadcrumbList\",\"@id\":\"https:\/\/messgida.com.tr\/es\/politica-de-cookies\/#breadcrumb\",\"itemListElement\":[{\"@type\":\"ListItem\",\"position\":1,\"name\":\"Anasayfa\",\"item\":\"https:\/\/messgida.com.tr\/es\/pagina-de-inicio\/\"},{\"@type\":\"ListItem\",\"position\":2,\"name\":\"Pol\u00edtica de cookies\"}]},{\"@type\":\"WebSite\",\"@id\":\"https:\/\/messgida.com.tr\/es\/#website\",\"url\":\"https:\/\/messgida.com.tr\/es\/\",\"name\":\"Mess Dondurulmu\u015f Pizza\",\"description\":\"Tazeli\u011fin \u0130zinde Dondurulmu\u015f Lezzetler\",\"publisher\":{\"@id\":\"https:\/\/messgida.com.tr\/es\/#organization\"},\"potentialAction\":[{\"@type\":\"SearchAction\",\"target\":{\"@type\":\"EntryPoint\",\"urlTemplate\":\"https:\/\/messgida.com.tr\/es\/?s={search_term_string}\"},\"query-input\":\"required name=search_term_string\"}],\"inLanguage\":\"es\"},{\"@type\":\"Organization\",\"@id\":\"https:\/\/messgida.com.tr\/es\/#organization\",\"name\":\"Mess Dondurulmu\u015f Pizza\",\"url\":\"https:\/\/messgida.com.tr\/es\/\",\"logo\":{\"@type\":\"ImageObject\",\"inLanguage\":\"es\",\"@id\":\"https:\/\/messgida.com.tr\/es\/#\/schema\/logo\/image\/\",\"url\":\"https:\/\/messgida.com.tr\/wp-content\/uploads\/2023\/02\/messgida-logo-dark.svg\",\"contentUrl\":\"https:\/\/messgida.com.tr\/wp-content\/uploads\/2023\/02\/messgida-logo-dark.svg\",\"width\":250,\"height\":46.07,\"caption\":\"Mess Dondurulmu\u015f Pizza\"},\"image\":{\"@id\":\"https:\/\/messgida.com.tr\/es\/#\/schema\/logo\/image\/\"},\"sameAs\":[\"https:\/\/www.facebook.com\/messgida\"]}]}<\/script>\n<!-- \/ Yoast SEO plugin. -->","yoast_head_json":{"title":"Pol\u00edtica de cookies - Mess Dondurulmu\u015f Pizza","robots":{"index":"index","follow":"follow","max-snippet":"max-snippet:-1","max-image-preview":"max-image-preview:large","max-video-preview":"max-video-preview:-1"},"canonical":"https:\/\/messgida.com.tr\/es\/politica-de-cookies\/","og_locale":"es_ES","og_type":"article","og_title":"Pol\u00edtica de cookies - Mess Dondurulmu\u015f Pizza","og_description":"POL\u00cdTICA DE COOKIES Esta Pol\u00edtica de Cookies explica qu\u00e9 son las cookies y c\u00f3mo las utilizamos. Las cookies son peque\u00f1os paquetes de informaci\u00f3n que almacena su navegador cuando visita determinados sitios web, incluido el nuestro. En general, los sitios web utilizan cookies para mejorar la experiencia del usuario, permitiendo que el sitio web le recuerde [&hellip;]","og_url":"https:\/\/messgida.com.tr\/es\/politica-de-cookies\/","og_site_name":"Mess Dondurulmu\u015f Pizza","article_publisher":"https:\/\/www.facebook.com\/messgida","twitter_card":"summary_large_image","twitter_misc":{"Tiempo de lectura":"6 minutos"},"schema":{"@context":"https:\/\/schema.org","@graph":[{"@type":"WebPage","@id":"https:\/\/messgida.com.tr\/es\/politica-de-cookies\/","url":"https:\/\/messgida.com.tr\/es\/politica-de-cookies\/","name":"Pol\u00edtica de cookies - Mess Dondurulmu\u015f Pizza","isPartOf":{"@id":"https:\/\/messgida.com.tr\/es\/#website"},"datePublished":"2022-12-05T21:02:48+00:00","dateModified":"2022-12-05T21:02:48+00:00","breadcrumb":{"@id":"https:\/\/messgida.com.tr\/es\/politica-de-cookies\/#breadcrumb"},"inLanguage":"es","potentialAction":[{"@type":"ReadAction","target":["https:\/\/messgida.com.tr\/es\/politica-de-cookies\/"]}]},{"@type":"BreadcrumbList","@id":"https:\/\/messgida.com.tr\/es\/politica-de-cookies\/#breadcrumb","itemListElement":[{"@type":"ListItem","position":1,"name":"Anasayfa","item":"https:\/\/messgida.com.tr\/es\/pagina-de-inicio\/"},{"@type":"ListItem","position":2,"name":"Pol\u00edtica de cookies"}]},{"@type":"WebSite","@id":"https:\/\/messgida.com.tr\/es\/#website","url":"https:\/\/messgida.com.tr\/es\/","name":"Mess Dondurulmu\u015f Pizza","description":"Tazeli\u011fin \u0130zinde Dondurulmu\u015f Lezzetler","publisher":{"@id":"https:\/\/messgida.com.tr\/es\/#organization"},"potentialAction":[{"@type":"SearchAction","target":{"@type":"EntryPoint","urlTemplate":"https:\/\/messgida.com.tr\/es\/?s={search_term_string}"},"query-input":"required name=search_term_string"}],"inLanguage":"es"},{"@type":"Organization","@id":"https:\/\/messgida.com.tr\/es\/#organization","name":"Mess Dondurulmu\u015f Pizza","url":"https:\/\/messgida.com.tr\/es\/","logo":{"@type":"ImageObject","inLanguage":"es","@id":"https:\/\/messgida.com.tr\/es\/#\/schema\/logo\/image\/","url":"https:\/\/messgida.com.tr\/wp-content\/uploads\/2023\/02\/messgida-logo-dark.svg","contentUrl":"https:\/\/messgida.com.tr\/wp-content\/uploads\/2023\/02\/messgida-logo-dark.svg","width":250,"height":46.07,"caption":"Mess Dondurulmu\u015f Pizza"},"image":{"@id":"https:\/\/messgida.com.tr\/es\/#\/schema\/logo\/image\/"},"sameAs":["https:\/\/www.facebook.com\/messgida"]}]}},"_links":{"self":[{"href":"https:\/\/messgida.com.tr\/es\/wp-json\/wp\/v2\/pages\/2956","targetHints":{"allow":["GET"]}}],"collection":[{"href":"https:\/\/messgida.com.tr\/es\/wp-json\/wp\/v2\/pages"}],"about":[{"href":"https:\/\/messgida.com.tr\/es\/wp-json\/wp\/v2\/types\/page"}],"author":[{"embeddable":true,"href":"https:\/\/messgida.com.tr\/es\/wp-json\/wp\/v2\/users\/1"}],"replies":[{"embeddable":true,"href":"https:\/\/messgida.com.tr\/es\/wp-json\/wp\/v2\/comments?post=2956"}],"version-history":[{"count":0,"href":"https:\/\/messgida.com.tr\/es\/wp-json\/wp\/v2\/pages\/2956\/revisions"}],"wp:attachment":[{"href":"https:\/\/messgida.com.tr\/es\/wp-json\/wp\/v2\/media?parent=2956"}],"curies":[{"name":"wp","href":"https:\/\/api.w.org\/{rel}","templated":true}]}}