{"id":2927,"date":"2022-12-05T21:02:58","date_gmt":"2022-12-05T21:02:58","guid":{"rendered":"https:\/\/messgida.com.tr\/quienes-somos\/"},"modified":"2024-01-26T19:40:35","modified_gmt":"2024-01-26T19:40:35","slug":"quienes-somos","status":"publish","type":"page","link":"https:\/\/messgida.com.tr\/es\/quienes-somos\/","title":{"rendered":"Qui\u00e9nes somos"},"content":{"rendered":"\t\t<div data-elementor-type=\"wp-page\" data-elementor-id=\"2927\" class=\"elementor elementor-2927 elementor-13\">\n\t\t\t\t\t\t<section class=\"elementor-section elementor-top-section elementor-element elementor-element-83d219f elementor-section-boxed elementor-section-height-default elementor-section-height-default\" data-id=\"83d219f\" data-element_type=\"section\" data-settings=\"{&quot;jet_parallax_layout_list&quot;:[],&quot;background_background&quot;:&quot;classic&quot;}\">\n\t\t\t\t\t\t<div class=\"elementor-container elementor-column-gap-default\">\n\t\t\t\t\t<div class=\"elementor-column elementor-col-100 elementor-top-column elementor-element elementor-element-b1436b0\" data-id=\"b1436b0\" data-element_type=\"column\">\n\t\t\t<div class=\"elementor-widget-wrap elementor-element-populated\">\n\t\t\t\t\t\t<section class=\"elementor-section elementor-inner-section elementor-element elementor-element-5bb9a8d elementor-section-boxed elementor-section-height-default elementor-section-height-default\" data-id=\"5bb9a8d\" data-element_type=\"section\" data-settings=\"{&quot;jet_parallax_layout_list&quot;:[]}\">\n\t\t\t\t\t\t<div class=\"elementor-container elementor-column-gap-default\">\n\t\t\t\t\t<div class=\"elementor-column elementor-col-50 elementor-inner-column elementor-element elementor-element-9c286ce\" data-id=\"9c286ce\" data-element_type=\"column\">\n\t\t\t<div class=\"elementor-widget-wrap elementor-element-populated\">\n\t\t\t\t\t\t<div class=\"elementor-element elementor-element-6943875 use-lightbox-yes raven-player-style1 elementor-widget elementor-widget-raven-video\" data-id=\"6943875\" data-element_type=\"widget\" data-settings=\"{&quot;use_lightbox&quot;:&quot;yes&quot;,&quot;youtube_mute&quot;:&quot;yes&quot;,&quot;video_type&quot;:&quot;youtube&quot;,&quot;youtube_controls&quot;:&quot;yes&quot;,&quot;auto_hide_controls&quot;:&quot;yes&quot;,&quot;progress_bar&quot;:&quot;yes&quot;,&quot;current_time&quot;:&quot;yes&quot;,&quot;fullscreen&quot;:&quot;yes&quot;,&quot;rewind&quot;:&quot;yes&quot;,&quot;fast_forward&quot;:&quot;yes&quot;}\" data-widget_type=\"raven-video.default\">\n\t\t\t\t<div class=\"elementor-widget-container\">\n\t\t\t\t\t<div class=\"raven-widget-wrapper sticky-close raven-video-mejs-player\">\n\t\t\t\n\t\t\t\n\t\t\t\t\t\t\n\t\t\t\t\t<div class=\"raven-video raven-video-lightbox\">\n\t\t\t\t\t\t\t\t\t\t\t\t\t<div class=\"raven-video-thumbnail\">\n\t\t\t\t\t\t\t\t\t\t\t\t\t\t\t\t\t<img decoding=\"async\" class=\"raven-video-thumbnail-image\" src=\"https:\/\/messgida.com.tr\/wp-content\/uploads\/2022\/12\/messgida-home-image-02.jpg\">\n\n\t\t\t\t\t\t\t\t\t<div id=\"raven-video-modal\" class=\"raven-modal\">\n\t\t\t\t\t\t\t\t\t\t<span class=\"close\">&times;<\/span>\n\t\t\t\t\t\t\t\t\t\t<div class=\"modal-content\">\n\t\t\t\t\t\t\t\t\t\t\t<iframe class=\"raven-video-mejs-player\" allowfullscreen allow=\"clipboard-write\" title=\"Reproductor de v\u00eddeo youtube\" src=\"https:\/\/www.youtube.com\/embed\/xph4g8KkMdM?feature=oembed&amp;autoplay=0&amp;loop=0&amp;rel=0&amp;controls=1&amp;showinfo=1&amp;mute=1&amp;wmode=opaque&amp;enablejsapi=1\"><\/iframe>\t\t\t\t\t\t\t\t\t\t<\/div>\n\t\t\t\t\t\t\t\t\t<\/div>\n\t\t\t\t\t\t\t\t\t\t\t\t\t\t\t\t\t\t\t\t\t\t\t\t\t<div class=\"raven-video-play\">\n\t\t\t\t\t\t\t\t\t<i aria-hidden=\"true\" class=\"fas fa-play\"><\/i>\t\t\t\t\t\t\t\t\t<\/div>\n\t\t\t\t\t\t\t\t\t\t\t\t\t\t\t<\/div>\n\t\t\t\t\t\t\t\t\t\t\t<\/div>\n\n\t\t\t\t\t<\/div>\n\t\t\t\t<\/div>\n\t\t\t\t<\/div>\n\t\t\t\t\t<\/div>\n\t\t<\/div>\n\t\t\t\t<div class=\"elementor-column elementor-col-50 elementor-inner-column elementor-element elementor-element-94c01cc\" data-id=\"94c01cc\" data-element_type=\"column\">\n\t\t\t<div class=\"elementor-widget-wrap elementor-element-populated\">\n\t\t\t\t\t\t<div class=\"elementor-element elementor-element-6231d53 elementor-widget elementor-widget-heading\" data-id=\"6231d53\" data-element_type=\"widget\" data-widget_type=\"heading.default\">\n\t\t\t\t<div class=\"elementor-widget-container\">\n\t\t\t<style>\/*! elementor - v3.19.0 - 28-02-2024 *\/\n.elementor-heading-title{padding:0;margin:0;line-height:1}.elementor-widget-heading .elementor-heading-title[class*=elementor-size-]>a{color:inherit;font-size:inherit;line-height:inherit}.elementor-widget-heading .elementor-heading-title.elementor-size-small{font-size:15px}.elementor-widget-heading .elementor-heading-title.elementor-size-medium{font-size:19px}.elementor-widget-heading .elementor-heading-title.elementor-size-large{font-size:29px}.elementor-widget-heading .elementor-heading-title.elementor-size-xl{font-size:39px}.elementor-widget-heading .elementor-heading-title.elementor-size-xxl{font-size:59px}<\/style><h3 class=\"elementor-heading-title elementor-size-default\">MESS FOOD<\/h3>\t\t<\/div>\n\t\t\t\t<\/div>\n\t\t\t\t<div class=\"elementor-element elementor-element-ab3152b elementor-widget elementor-widget-heading\" data-id=\"ab3152b\" data-element_type=\"widget\" data-widget_type=\"heading.default\">\n\t\t\t\t<div class=\"elementor-widget-container\">\n\t\t\t<h2 class=\"elementor-heading-title elementor-size-default\">Principio de producci\u00f3n sabroso y saludable<\/h2>\t\t<\/div>\n\t\t\t\t<\/div>\n\t\t\t\t<div class=\"elementor-element elementor-element-8fc1928 elementor-widget elementor-widget-heading\" data-id=\"8fc1928\" data-element_type=\"widget\" data-widget_type=\"heading.default\">\n\t\t\t\t<div class=\"elementor-widget-container\">\n\t\t\t<p class=\"elementor-heading-title elementor-size-default\">Mess G\u0131da lleva desde el a\u00f1o 2000 sirviendo a cafeter\u00edas, hoteles, catering, restaurantes, universidades, cafeter\u00edas de hospitales, etc. en el sector de la pizza congelada sin renunciar a la calidad. Nuestra empresa, que se ha ganado en poco tiempo un lugar importante en el sector siguiendo d\u00eda a d\u00eda los avances t\u00e9cnicos y las innovaciones del sector alimentario, ha alcanzado desde su creaci\u00f3n importantes cifras de ventas tanto en el pa\u00eds como en el extranjero. Nuestra l\u00ednea de producci\u00f3n, que hemos dise\u00f1ado a la perfecci\u00f3n sin comprometer la higiene ni la calidad, produce una media de 20-30 mil productos congelados al d\u00eda.<\/p>\t\t<\/div>\n\t\t\t\t<\/div>\n\t\t\t\t<div class=\"elementor-element elementor-element-e3b6f0f elementor-mobile-align-center elementor-align-left elementor-widget elementor-widget-raven-button\" data-id=\"e3b6f0f\" data-element_type=\"widget\" data-settings=\"{&quot;turn_to_popup_action_button&quot;:&quot;no&quot;}\" data-widget_type=\"raven-button.default\">\n\t\t\t\t<div class=\"elementor-widget-container\">\n\t\t\t\t\t<div class=\"raven-widget-wrapper\">\n\t\t\t<a class=\"raven-button raven-button-widget-normal-effect-none  raven-button-text-align-left raven-button-link elementor-animation-none\" href=\"https:\/\/messgida.com.tr\/portfolio\/uretim\/\">\t\t\t\t<div class=\"raven-button-overlay\" ><\/div>\n\t\t\t\t<span class=\"raven-button-content\">\n\t\t\t\t\t\n\t\t\t\t\t<div class=\"button-text-container\">\n\t\t\t\t\t\t\t\t\t\t\t\t<div class=\"raven-button-texts-wrapper\">\n\t\t\t\t\t\t\t<div class=\"button-text\">\n\t\t\t\t\t\t\t\t<span class=\"raven-button-text\">\n\t\t\t\t\t\t\t\t\tProducci\u00f3n\t\t\t\t\t\t\t\t<\/span>\n\t\t\t\t\t\t\t<\/div>\n\t\t\t\t\t\t\t\t\t\t\t\t\t<\/div>\n\t\t\t\t\t\t\t\t\t<span class=\"raven-button-icon raven-button-icon-position-right\">\n\t\t\t\t<i aria-hidden=\"true\" class=\"fas fa-angle-right\"><\/i>\t\t\t<\/span>\n\t\t\t\t\t\t\t<\/div>\n\t\t\t\t\t\n\t\t\t\t\t\t\t\t\t<\/span>\n\t\t\t<\/a>\t\t<\/div>\n\t\t\t\t<\/div>\n\t\t\t\t<\/div>\n\t\t\t\t\t<\/div>\n\t\t<\/div>\n\t\t\t\t\t<\/div>\n\t\t<\/section>\n\t\t\t\t\t<\/div>\n\t\t<\/div>\n\t\t\t\t\t<\/div>\n\t\t<\/section>\n\t\t\t\t<\/div>\n\t\t","protected":false},"excerpt":{"rendered":"<p>MESS FOOD Principio de producci\u00f3n sabroso y saludable Mess G\u0131da lleva desde el a\u00f1o 2000 sirviendo a cafeter\u00edas, hoteles, catering, restaurantes, universidades, cafeter\u00edas de hospitales, etc. en el sector de la pizza congelada sin renunciar a la calidad. Nuestra empresa, que se ha ganado en poco tiempo un lugar importante en el sector siguiendo d\u00eda [&hellip;]<\/p>\n","protected":false},"author":1,"featured_media":2929,"parent":0,"menu_order":0,"comment_status":"closed","ping_status":"closed","template":"elementor_header_footer","meta":{"_acf_changed":false,"footnotes":""},"class_list":["post-2927","page","type-page","status-publish","has-post-thumbnail","hentry"],"acf":[],"yoast_head":"<!-- This site is optimized with the Yoast SEO plugin v22.1 - https:\/\/yoast.com\/wordpress\/plugins\/seo\/ -->\n<title>Qui\u00e9nes somos - Mess Dondurulmu\u015f Pizza<\/title>\n<meta name=\"robots\" content=\"index, follow, max-snippet:-1, max-image-preview:large, max-video-preview:-1\" \/>\n<link rel=\"canonical\" href=\"https:\/\/messgida.com.tr\/es\/quienes-somos\/\" \/>\n<meta property=\"og:locale\" content=\"es_ES\" \/>\n<meta property=\"og:type\" content=\"article\" \/>\n<meta property=\"og:title\" content=\"Qui\u00e9nes somos - Mess Dondurulmu\u015f Pizza\" \/>\n<meta property=\"og:description\" content=\"MESS FOOD Principio de producci\u00f3n sabroso y saludable Mess G\u0131da lleva desde el a\u00f1o 2000 sirviendo a cafeter\u00edas, hoteles, catering, restaurantes, universidades, cafeter\u00edas de hospitales, etc. en el sector de la pizza congelada sin renunciar a la calidad. Nuestra empresa, que se ha ganado en poco tiempo un lugar importante en el sector siguiendo d\u00eda [&hellip;]\" \/>\n<meta property=\"og:url\" content=\"https:\/\/messgida.com.tr\/es\/quienes-somos\/\" \/>\n<meta property=\"og:site_name\" content=\"Mess Dondurulmu\u015f Pizza\" \/>\n<meta property=\"article:publisher\" content=\"https:\/\/www.facebook.com\/messgida\" \/>\n<meta property=\"article:modified_time\" content=\"2024-01-26T19:40:35+00:00\" \/>\n<meta property=\"og:image\" content=\"https:\/\/messgida.com.tr\/wp-content\/uploads\/2022\/12\/hakkimizda-image-messgida-071222.jpg\" \/>\n\t<meta property=\"og:image:width\" content=\"1920\" \/>\n\t<meta property=\"og:image:height\" content=\"1080\" \/>\n\t<meta property=\"og:image:type\" content=\"image\/jpeg\" \/>\n<meta name=\"twitter:card\" content=\"summary_large_image\" \/>\n<meta name=\"twitter:label1\" content=\"Tiempo de lectura\" \/>\n\t<meta name=\"twitter:data1\" content=\"1 minuto\" \/>\n<script type=\"application\/ld+json\" class=\"yoast-schema-graph\">{\"@context\":\"https:\/\/schema.org\",\"@graph\":[{\"@type\":\"WebPage\",\"@id\":\"https:\/\/messgida.com.tr\/es\/quienes-somos\/\",\"url\":\"https:\/\/messgida.com.tr\/es\/quienes-somos\/\",\"name\":\"Qui\u00e9nes somos - Mess Dondurulmu\u015f Pizza\",\"isPartOf\":{\"@id\":\"https:\/\/messgida.com.tr\/es\/#website\"},\"datePublished\":\"2022-12-05T21:02:58+00:00\",\"dateModified\":\"2024-01-26T19:40:35+00:00\",\"breadcrumb\":{\"@id\":\"https:\/\/messgida.com.tr\/es\/quienes-somos\/#breadcrumb\"},\"inLanguage\":\"es\",\"potentialAction\":[{\"@type\":\"ReadAction\",\"target\":[\"https:\/\/messgida.com.tr\/es\/quienes-somos\/\"]}]},{\"@type\":\"BreadcrumbList\",\"@id\":\"https:\/\/messgida.com.tr\/es\/quienes-somos\/#breadcrumb\",\"itemListElement\":[{\"@type\":\"ListItem\",\"position\":1,\"name\":\"Anasayfa\",\"item\":\"https:\/\/messgida.com.tr\/es\/pagina-de-inicio\/\"},{\"@type\":\"ListItem\",\"position\":2,\"name\":\"Qui\u00e9nes somos\"}]},{\"@type\":\"WebSite\",\"@id\":\"https:\/\/messgida.com.tr\/es\/#website\",\"url\":\"https:\/\/messgida.com.tr\/es\/\",\"name\":\"Mess Dondurulmu\u015f Pizza\",\"description\":\"Tazeli\u011fin \u0130zinde Dondurulmu\u015f Lezzetler\",\"publisher\":{\"@id\":\"https:\/\/messgida.com.tr\/es\/#organization\"},\"potentialAction\":[{\"@type\":\"SearchAction\",\"target\":{\"@type\":\"EntryPoint\",\"urlTemplate\":\"https:\/\/messgida.com.tr\/es\/?s={search_term_string}\"},\"query-input\":\"required name=search_term_string\"}],\"inLanguage\":\"es\"},{\"@type\":\"Organization\",\"@id\":\"https:\/\/messgida.com.tr\/es\/#organization\",\"name\":\"Mess Dondurulmu\u015f Pizza\",\"url\":\"https:\/\/messgida.com.tr\/es\/\",\"logo\":{\"@type\":\"ImageObject\",\"inLanguage\":\"es\",\"@id\":\"https:\/\/messgida.com.tr\/es\/#\/schema\/logo\/image\/\",\"url\":\"https:\/\/messgida.com.tr\/wp-content\/uploads\/2023\/02\/messgida-logo-dark.svg\",\"contentUrl\":\"https:\/\/messgida.com.tr\/wp-content\/uploads\/2023\/02\/messgida-logo-dark.svg\",\"width\":250,\"height\":46.07,\"caption\":\"Mess Dondurulmu\u015f Pizza\"},\"image\":{\"@id\":\"https:\/\/messgida.com.tr\/es\/#\/schema\/logo\/image\/\"},\"sameAs\":[\"https:\/\/www.facebook.com\/messgida\"]}]}<\/script>\n<!-- \/ Yoast SEO plugin. -->","yoast_head_json":{"title":"Qui\u00e9nes somos - Mess Dondurulmu\u015f Pizza","robots":{"index":"index","follow":"follow","max-snippet":"max-snippet:-1","max-image-preview":"max-image-preview:large","max-video-preview":"max-video-preview:-1"},"canonical":"https:\/\/messgida.com.tr\/es\/quienes-somos\/","og_locale":"es_ES","og_type":"article","og_title":"Qui\u00e9nes somos - Mess Dondurulmu\u015f Pizza","og_description":"MESS FOOD Principio de producci\u00f3n sabroso y saludable Mess G\u0131da lleva desde el a\u00f1o 2000 sirviendo a cafeter\u00edas, hoteles, catering, restaurantes, universidades, cafeter\u00edas de hospitales, etc. en el sector de la pizza congelada sin renunciar a la calidad. Nuestra empresa, que se ha ganado en poco tiempo un lugar importante en el sector siguiendo d\u00eda [&hellip;]","og_url":"https:\/\/messgida.com.tr\/es\/quienes-somos\/","og_site_name":"Mess Dondurulmu\u015f Pizza","article_publisher":"https:\/\/www.facebook.com\/messgida","article_modified_time":"2024-01-26T19:40:35+00:00","og_image":[{"width":1920,"height":1080,"url":"https:\/\/messgida.com.tr\/wp-content\/uploads\/2022\/12\/hakkimizda-image-messgida-071222.jpg","type":"image\/jpeg"}],"twitter_card":"summary_large_image","twitter_misc":{"Tiempo de lectura":"1 minuto"},"schema":{"@context":"https:\/\/schema.org","@graph":[{"@type":"WebPage","@id":"https:\/\/messgida.com.tr\/es\/quienes-somos\/","url":"https:\/\/messgida.com.tr\/es\/quienes-somos\/","name":"Qui\u00e9nes somos - Mess Dondurulmu\u015f Pizza","isPartOf":{"@id":"https:\/\/messgida.com.tr\/es\/#website"},"datePublished":"2022-12-05T21:02:58+00:00","dateModified":"2024-01-26T19:40:35+00:00","breadcrumb":{"@id":"https:\/\/messgida.com.tr\/es\/quienes-somos\/#breadcrumb"},"inLanguage":"es","potentialAction":[{"@type":"ReadAction","target":["https:\/\/messgida.com.tr\/es\/quienes-somos\/"]}]},{"@type":"BreadcrumbList","@id":"https:\/\/messgida.com.tr\/es\/quienes-somos\/#breadcrumb","itemListElement":[{"@type":"ListItem","position":1,"name":"Anasayfa","item":"https:\/\/messgida.com.tr\/es\/pagina-de-inicio\/"},{"@type":"ListItem","position":2,"name":"Qui\u00e9nes somos"}]},{"@type":"WebSite","@id":"https:\/\/messgida.com.tr\/es\/#website","url":"https:\/\/messgida.com.tr\/es\/","name":"Mess Dondurulmu\u015f Pizza","description":"Tazeli\u011fin \u0130zinde Dondurulmu\u015f Lezzetler","publisher":{"@id":"https:\/\/messgida.com.tr\/es\/#organization"},"potentialAction":[{"@type":"SearchAction","target":{"@type":"EntryPoint","urlTemplate":"https:\/\/messgida.com.tr\/es\/?s={search_term_string}"},"query-input":"required name=search_term_string"}],"inLanguage":"es"},{"@type":"Organization","@id":"https:\/\/messgida.com.tr\/es\/#organization","name":"Mess Dondurulmu\u015f Pizza","url":"https:\/\/messgida.com.tr\/es\/","logo":{"@type":"ImageObject","inLanguage":"es","@id":"https:\/\/messgida.com.tr\/es\/#\/schema\/logo\/image\/","url":"https:\/\/messgida.com.tr\/wp-content\/uploads\/2023\/02\/messgida-logo-dark.svg","contentUrl":"https:\/\/messgida.com.tr\/wp-content\/uploads\/2023\/02\/messgida-logo-dark.svg","width":250,"height":46.07,"caption":"Mess Dondurulmu\u015f Pizza"},"image":{"@id":"https:\/\/messgida.com.tr\/es\/#\/schema\/logo\/image\/"},"sameAs":["https:\/\/www.facebook.com\/messgida"]}]}},"_links":{"self":[{"href":"https:\/\/messgida.com.tr\/es\/wp-json\/wp\/v2\/pages\/2927","targetHints":{"allow":["GET"]}}],"collection":[{"href":"https:\/\/messgida.com.tr\/es\/wp-json\/wp\/v2\/pages"}],"about":[{"href":"https:\/\/messgida.com.tr\/es\/wp-json\/wp\/v2\/types\/page"}],"author":[{"embeddable":true,"href":"https:\/\/messgida.com.tr\/es\/wp-json\/wp\/v2\/users\/1"}],"replies":[{"embeddable":true,"href":"https:\/\/messgida.com.tr\/es\/wp-json\/wp\/v2\/comments?post=2927"}],"version-history":[{"count":0,"href":"https:\/\/messgida.com.tr\/es\/wp-json\/wp\/v2\/pages\/2927\/revisions"}],"wp:featuredmedia":[{"embeddable":true,"href":"https:\/\/messgida.com.tr\/es\/wp-json\/wp\/v2\/media\/2929"}],"wp:attachment":[{"href":"https:\/\/messgida.com.tr\/es\/wp-json\/wp\/v2\/media?parent=2927"}],"curies":[{"name":"wp","href":"https:\/\/api.w.org\/{rel}","templated":true}]}}