{"id":2281,"date":"2022-12-10T13:32:32","date_gmt":"2022-12-10T13:32:32","guid":{"rendered":"https:\/\/messgida.com.tr\/news\/"},"modified":"2024-01-10T21:09:20","modified_gmt":"2024-01-10T21:09:20","slug":"news","status":"publish","type":"page","link":"https:\/\/messgida.com.tr\/en\/news\/","title":{"rendered":"News"},"content":{"rendered":"\t\t<div data-elementor-type=\"wp-page\" data-elementor-id=\"2281\" class=\"elementor elementor-2281 elementor-356\">\n\t\t\t\t\t\t<section class=\"elementor-section elementor-top-section elementor-element elementor-element-5379508 elementor-section-boxed elementor-section-height-default elementor-section-height-default\" data-id=\"5379508\" data-element_type=\"section\" data-settings=\"{&quot;jet_parallax_layout_list&quot;:[]}\">\n\t\t\t\t\t\t<div class=\"elementor-container elementor-column-gap-default\">\n\t\t\t\t\t<div class=\"elementor-column elementor-col-100 elementor-top-column elementor-element elementor-element-8e8f03f\" data-id=\"8e8f03f\" data-element_type=\"column\">\n\t\t\t<div class=\"elementor-widget-wrap elementor-element-populated\">\n\t\t\t\t\t\t<section class=\"elementor-section elementor-inner-section elementor-element elementor-element-cd972c4 elementor-section-boxed elementor-section-height-default elementor-section-height-default\" data-id=\"cd972c4\" data-element_type=\"section\" data-settings=\"{&quot;jet_parallax_layout_list&quot;:[]}\">\n\t\t\t\t\t\t<div class=\"elementor-container elementor-column-gap-default\">\n\t\t\t\t\t<div class=\"elementor-column elementor-col-100 elementor-inner-column elementor-element elementor-element-3dcb032\" data-id=\"3dcb032\" data-element_type=\"column\">\n\t\t\t<div class=\"elementor-widget-wrap elementor-element-populated\">\n\t\t\t\t\t\t<div class=\"elementor-element elementor-element-c0a4c84 elementor-widget elementor-widget-global elementor-global-2108 elementor-global-873 elementor-widget-raven-posts\" data-id=\"c0a4c84\" data-element_type=\"widget\" data-settings=\"{&quot;classic_columns&quot;:&quot;2&quot;,&quot;query_posts_per_page&quot;:8,&quot;classic_show_pagination&quot;:&quot;yes&quot;,&quot;_skin&quot;:&quot;classic&quot;,&quot;classic_layout&quot;:&quot;grid&quot;,&quot;classic_columns_tablet&quot;:&quot;2&quot;,&quot;classic_columns_mobile&quot;:&quot;1&quot;,&quot;classic_pagination_type&quot;:&quot;page_based&quot;,&quot;query_offset&quot;:0}\" data-widget_type=\"raven-posts.classic\">\n\t\t\t\t<div class=\"elementor-widget-container\">\n\t\t\t\t\t<div class=\"raven-posts raven-grid raven-grid-2 raven-grid-mobile-1 raven-grid-tablet-2\" data-post-id=\"2281\" data-archive-query=\"\" data-lang=\"\">\n\t\t\t\t<div class=\"raven-grid-item raven-post-item post-2222 post type-post status-publish format-standard has-post-thumbnail hentry category-news\">\n\t\t\t<div class=\"raven-post\">\n\t\t\t\t\t\t<div class=\"raven-post-image-wrap\">\n\t\t\t<a class=\"raven-post-image raven-image-fit\" href=\"https:\/\/messgida.com.tr\/en\/professional-pizza-baking-oven\/\"><img fetchpriority=\"high\" decoding=\"async\" width=\"1024\" height=\"683\" src=\"https:\/\/messgida.com.tr\/wp-content\/uploads\/2023\/11\/lezzetin-profesyonel-pisirme-1024x683.jpg\" class=\"attachment-large size-large wp-image-2051\" alt=\"\" srcset=\"https:\/\/messgida.com.tr\/wp-content\/uploads\/2023\/11\/lezzetin-profesyonel-pisirme-1024x683.jpg 1024w, https:\/\/messgida.com.tr\/wp-content\/uploads\/2023\/11\/lezzetin-profesyonel-pisirme-300x200.jpg 300w, https:\/\/messgida.com.tr\/wp-content\/uploads\/2023\/11\/lezzetin-profesyonel-pisirme-768x512.jpg 768w, https:\/\/messgida.com.tr\/wp-content\/uploads\/2023\/11\/lezzetin-profesyonel-pisirme-1536x1024.jpg 1536w, https:\/\/messgida.com.tr\/wp-content\/uploads\/2023\/11\/lezzetin-profesyonel-pisirme-600x400.jpg 600w, https:\/\/messgida.com.tr\/wp-content\/uploads\/2023\/11\/lezzetin-profesyonel-pisirme.jpg 1920w\" sizes=\"(max-width: 1024px) 100vw, 1024px\" \/> <span class=\"raven-post-image-overlay\"><\/span><\/a>\t\t<\/div>\n\t\t\t\t\t\t<div class=\"raven-post-content\">\n\t\t\t\t\t\t\t<div class=\"raven-post-meta\"><span class=\"raven-post-meta-item raven-post-categories\"><a href=\"https:\/\/messgida.com.tr\/en\/kategori\/news\/\" rel=\"tag\">News<\/a><\/span><\/div>\n\t\t<h4 class=\"raven-post-title\"><a class=\"raven-post-title-link\" href=\"https:\/\/messgida.com.tr\/en\/professional-pizza-baking-oven\/\">Professional Pizza Baking Oven<\/a><\/h4><div class=\"raven-post-excerpt\">Mess G\u0131da stands out as a brand that specializes not only in frozen pizza production but also in baking ovens. Developed to ensure professional preparation of the flavor, these ovens<\/div>\t\t<div class=\"raven-post-read-more\">\n\t\t\t<a class=\"raven-post-button\" href=\"https:\/\/messgida.com.tr\/en\/professional-pizza-baking-oven\/\"><span class=\"raven-post-button-text\">Devam\u0131n\u0131 Oku<\/span><\/a>\n\t\t<\/div>\n\t\t\t\t\t\t<\/div>\n\t\t\t<\/div>\n\t\t<\/div>\n\t\t\t\t<div class=\"raven-grid-item raven-post-item post-2196 post type-post status-publish format-standard has-post-thumbnail hentry category-news\">\n\t\t\t<div class=\"raven-post\">\n\t\t\t\t\t\t<div class=\"raven-post-image-wrap\">\n\t\t\t<a class=\"raven-post-image raven-image-fit\" href=\"https:\/\/messgida.com.tr\/en\/the-perfection-of-frozen-flavor-pizza\/\"><img decoding=\"async\" width=\"1024\" height=\"576\" src=\"https:\/\/messgida.com.tr\/wp-content\/uploads\/2023\/11\/dondurulmus-lezzetin-mukemmeligi-pizza-1024x576.jpg\" class=\"attachment-large size-large wp-image-2024\" alt=\"\" srcset=\"https:\/\/messgida.com.tr\/wp-content\/uploads\/2023\/11\/dondurulmus-lezzetin-mukemmeligi-pizza-1024x576.jpg 1024w, https:\/\/messgida.com.tr\/wp-content\/uploads\/2023\/11\/dondurulmus-lezzetin-mukemmeligi-pizza-300x169.jpg 300w, https:\/\/messgida.com.tr\/wp-content\/uploads\/2023\/11\/dondurulmus-lezzetin-mukemmeligi-pizza-768x432.jpg 768w, https:\/\/messgida.com.tr\/wp-content\/uploads\/2023\/11\/dondurulmus-lezzetin-mukemmeligi-pizza-1536x864.jpg 1536w, https:\/\/messgida.com.tr\/wp-content\/uploads\/2023\/11\/dondurulmus-lezzetin-mukemmeligi-pizza-600x338.jpg 600w, https:\/\/messgida.com.tr\/wp-content\/uploads\/2023\/11\/dondurulmus-lezzetin-mukemmeligi-pizza.jpg 1920w\" sizes=\"(max-width: 1024px) 100vw, 1024px\" \/> <span class=\"raven-post-image-overlay\"><\/span><\/a>\t\t<\/div>\n\t\t\t\t\t\t<div class=\"raven-post-content\">\n\t\t\t\t\t\t\t<div class=\"raven-post-meta\"><span class=\"raven-post-meta-item raven-post-categories\"><a href=\"https:\/\/messgida.com.tr\/en\/kategori\/news\/\" rel=\"tag\">News<\/a><\/span><\/div>\n\t\t<h4 class=\"raven-post-title\"><a class=\"raven-post-title-link\" href=\"https:\/\/messgida.com.tr\/en\/the-perfection-of-frozen-flavor-pizza\/\">The Perfection of Frozen Flavor: Pizza<\/a><\/h4><div class=\"raven-post-excerpt\">Mess Food goes beyond excellence in frozen pizza production. Prepared with the highest quality ingredients, each pizza reaches the peak of flavor with its special recipes and meticulous production processes.<\/div>\t\t<div class=\"raven-post-read-more\">\n\t\t\t<a class=\"raven-post-button\" href=\"https:\/\/messgida.com.tr\/en\/the-perfection-of-frozen-flavor-pizza\/\"><span class=\"raven-post-button-text\">Devam\u0131n\u0131 Oku<\/span><\/a>\n\t\t<\/div>\n\t\t\t\t\t\t<\/div>\n\t\t\t<\/div>\n\t\t<\/div>\n\t\t\t\t<div class=\"raven-grid-item raven-post-item post-2076 post type-post status-publish format-standard has-post-thumbnail hentry category-news\">\n\t\t\t<div class=\"raven-post\">\n\t\t\t\t\t\t<div class=\"raven-post-image-wrap\">\n\t\t\t<a class=\"raven-post-image raven-image-fit\" href=\"https:\/\/messgida.com.tr\/en\/images-from-mess-food-frozen-chain-pizza-production-factory\/\"><img decoding=\"async\" width=\"1024\" height=\"576\" src=\"https:\/\/messgida.com.tr\/wp-content\/uploads\/2022\/12\/satis-ve-dagitim-messgida-1024x576.jpg\" class=\"attachment-large size-large wp-image-1976\" alt=\"\" srcset=\"https:\/\/messgida.com.tr\/wp-content\/uploads\/2022\/12\/satis-ve-dagitim-messgida-1024x576.jpg 1024w, https:\/\/messgida.com.tr\/wp-content\/uploads\/2022\/12\/satis-ve-dagitim-messgida-300x169.jpg 300w, https:\/\/messgida.com.tr\/wp-content\/uploads\/2022\/12\/satis-ve-dagitim-messgida-768x432.jpg 768w, https:\/\/messgida.com.tr\/wp-content\/uploads\/2022\/12\/satis-ve-dagitim-messgida-1536x864.jpg 1536w, https:\/\/messgida.com.tr\/wp-content\/uploads\/2022\/12\/satis-ve-dagitim-messgida-600x338.jpg 600w, https:\/\/messgida.com.tr\/wp-content\/uploads\/2022\/12\/satis-ve-dagitim-messgida.jpg 1920w\" sizes=\"(max-width: 1024px) 100vw, 1024px\" \/> <span class=\"raven-post-image-overlay\"><\/span><\/a>\t\t<\/div>\n\t\t\t\t\t\t<div class=\"raven-post-content\">\n\t\t\t\t\t\t\t<div class=\"raven-post-meta\"><span class=\"raven-post-meta-item raven-post-categories\"><a href=\"https:\/\/messgida.com.tr\/en\/kategori\/news\/\" rel=\"tag\">News<\/a><\/span><\/div>\n\t\t<h4 class=\"raven-post-title\"><a class=\"raven-post-title-link\" href=\"https:\/\/messgida.com.tr\/en\/images-from-mess-food-frozen-chain-pizza-production-factory\/\">Images from Mess Food Frozen Chain Pizza Production Factory<\/a><\/h4><div class=\"raven-post-excerpt\">As Mess G\u0131da, we were guests of the A Class Economy World program broadcast on TV8 International. We welcomed dear program producers to our production facility and presented our vision<\/div>\t\t<div class=\"raven-post-read-more\">\n\t\t\t<a class=\"raven-post-button\" href=\"https:\/\/messgida.com.tr\/en\/images-from-mess-food-frozen-chain-pizza-production-factory\/\"><span class=\"raven-post-button-text\">Devam\u0131n\u0131 Oku<\/span><\/a>\n\t\t<\/div>\n\t\t\t\t\t\t<\/div>\n\t\t\t<\/div>\n\t\t<\/div>\n\t\t\t\t<div class=\"raven-grid-item raven-post-item post-2070 post type-post status-publish format-standard has-post-thumbnail hentry category-announcements category-news\">\n\t\t\t<div class=\"raven-post\">\n\t\t\t\t\t\t<div class=\"raven-post-image-wrap\">\n\t\t\t<a class=\"raven-post-image raven-image-fit\" href=\"https:\/\/messgida.com.tr\/en\/frozen-pizza-and-pitas-rediscover-flavor-by-freezing\/\"><img loading=\"lazy\" decoding=\"async\" width=\"1024\" height=\"576\" src=\"https:\/\/messgida.com.tr\/wp-content\/uploads\/2022\/12\/soguk-zincir-blog-image-mess-gida2-1024x576.jpg\" class=\"attachment-large size-large wp-image-2021\" alt=\"\" srcset=\"https:\/\/messgida.com.tr\/wp-content\/uploads\/2022\/12\/soguk-zincir-blog-image-mess-gida2-1024x576.jpg 1024w, https:\/\/messgida.com.tr\/wp-content\/uploads\/2022\/12\/soguk-zincir-blog-image-mess-gida2-300x169.jpg 300w, https:\/\/messgida.com.tr\/wp-content\/uploads\/2022\/12\/soguk-zincir-blog-image-mess-gida2-768x432.jpg 768w, https:\/\/messgida.com.tr\/wp-content\/uploads\/2022\/12\/soguk-zincir-blog-image-mess-gida2-1536x864.jpg 1536w, https:\/\/messgida.com.tr\/wp-content\/uploads\/2022\/12\/soguk-zincir-blog-image-mess-gida2-600x338.jpg 600w, https:\/\/messgida.com.tr\/wp-content\/uploads\/2022\/12\/soguk-zincir-blog-image-mess-gida2.jpg 1920w\" sizes=\"(max-width: 1024px) 100vw, 1024px\" \/> <span class=\"raven-post-image-overlay\"><\/span><\/a>\t\t<\/div>\n\t\t\t\t\t\t<div class=\"raven-post-content\">\n\t\t\t\t\t\t\t<div class=\"raven-post-meta\"><span class=\"raven-post-meta-item raven-post-categories\"><a href=\"https:\/\/messgida.com.tr\/en\/kategori\/announcements\/\" rel=\"tag\">Announcements<\/a>, <a href=\"https:\/\/messgida.com.tr\/en\/kategori\/news\/\" rel=\"tag\">News<\/a><\/span><\/div>\n\t\t<h4 class=\"raven-post-title\"><a class=\"raven-post-title-link\" href=\"https:\/\/messgida.com.tr\/en\/frozen-pizza-and-pitas-rediscover-flavor-by-freezing\/\">Frozen Pizza and Pitas: Rediscover Flavor by Freezing<\/a><\/h4><div class=\"raven-post-excerpt\">We will talk about Mess G\u0131da&#8217;s frozen pizza and pita products. Frozen pizzas and pitas with classic mixed pizzas, pepperoni, roasted pizzas, cheese pizzas and many more delicious varieties offer<\/div>\t\t<div class=\"raven-post-read-more\">\n\t\t\t<a class=\"raven-post-button\" href=\"https:\/\/messgida.com.tr\/en\/frozen-pizza-and-pitas-rediscover-flavor-by-freezing\/\"><span class=\"raven-post-button-text\">Devam\u0131n\u0131 Oku<\/span><\/a>\n\t\t<\/div>\n\t\t\t\t\t\t<\/div>\n\t\t\t<\/div>\n\t\t<\/div>\n\t\t\t\t<div class=\"raven-grid-item raven-post-item post-2312 post type-post status-publish format-standard has-post-thumbnail hentry category-announcements category-news\">\n\t\t\t<div class=\"raven-post\">\n\t\t\t\t\t\t<div class=\"raven-post-image-wrap\">\n\t\t\t<a class=\"raven-post-image raven-image-fit\" href=\"https:\/\/messgida.com.tr\/en\/our-website-has-been-renewed\/\"><img loading=\"lazy\" decoding=\"async\" width=\"1024\" height=\"576\" src=\"https:\/\/messgida.com.tr\/wp-content\/uploads\/2022\/12\/hakkimizda-image-messgida-071222-1024x576.jpg\" class=\"attachment-large size-large wp-image-1814\" alt=\"\" srcset=\"https:\/\/messgida.com.tr\/wp-content\/uploads\/2022\/12\/hakkimizda-image-messgida-071222-1024x576.jpg 1024w, https:\/\/messgida.com.tr\/wp-content\/uploads\/2022\/12\/hakkimizda-image-messgida-071222-600x338.jpg 600w, https:\/\/messgida.com.tr\/wp-content\/uploads\/2022\/12\/hakkimizda-image-messgida-071222-300x169.jpg 300w, https:\/\/messgida.com.tr\/wp-content\/uploads\/2022\/12\/hakkimizda-image-messgida-071222-768x432.jpg 768w, https:\/\/messgida.com.tr\/wp-content\/uploads\/2022\/12\/hakkimizda-image-messgida-071222-1536x864.jpg 1536w, https:\/\/messgida.com.tr\/wp-content\/uploads\/2022\/12\/hakkimizda-image-messgida-071222.jpg 1920w\" sizes=\"(max-width: 1024px) 100vw, 1024px\" \/> <span class=\"raven-post-image-overlay\"><\/span><\/a>\t\t<\/div>\n\t\t\t\t\t\t<div class=\"raven-post-content\">\n\t\t\t\t\t\t\t<div class=\"raven-post-meta\"><span class=\"raven-post-meta-item raven-post-categories\"><a href=\"https:\/\/messgida.com.tr\/en\/kategori\/announcements\/\" rel=\"tag\">Announcements<\/a>, <a href=\"https:\/\/messgida.com.tr\/en\/kategori\/news\/\" rel=\"tag\">News<\/a><\/span><\/div>\n\t\t<h4 class=\"raven-post-title\"><a class=\"raven-post-title-link\" href=\"https:\/\/messgida.com.tr\/en\/our-website-has-been-renewed\/\">Our website has been renewed!<\/a><\/h4><div class=\"raven-post-excerpt\">As Mess G\u0131da, we have accelerated digitalization steps in order to provide better service to you. Within this scope, we have made our website compatible with all devices. With a<\/div>\t\t<div class=\"raven-post-read-more\">\n\t\t\t<a class=\"raven-post-button\" href=\"https:\/\/messgida.com.tr\/en\/our-website-has-been-renewed\/\"><span class=\"raven-post-button-text\">Devam\u0131n\u0131 Oku<\/span><\/a>\n\t\t<\/div>\n\t\t\t\t\t\t<\/div>\n\t\t\t<\/div>\n\t\t<\/div>\n\t\t\t\t<\/div>\n\t\t\t\t<\/div>\n\t\t\t\t<\/div>\n\t\t\t\t\t<\/div>\n\t\t<\/div>\n\t\t\t\t\t<\/div>\n\t\t<\/section>\n\t\t\t\t\t<\/div>\n\t\t<\/div>\n\t\t\t\t\t<\/div>\n\t\t<\/section>\n\t\t\t\t<\/div>\n\t\t","protected":false},"excerpt":{"rendered":"<p>Duyurular, Haberler Websitemiz Yenilendi! Mess G\u0131da olarak sizlere daha iyi hizmet sunabilmek i\u00e7in dijitalle\u015fme ad\u0131mlar\u0131na h\u0131z verdik. Bu kapsam da web sitemizi t\u00fcm cihazlarla uyumlu hale getirdik. T\u00fcm tablet ve telefon ve di\u011fer cihazarlarda Devam\u0131n\u0131 Oku Duyurular, Haberler Websitemiz Yenilendi! Mess G\u0131da olarak sizlere daha iyi hizmet sunabilmek i\u00e7in dijitalle\u015fme ad\u0131mlar\u0131na h\u0131z verdik. Bu kapsam [&hellip;]<\/p>\n","protected":false},"author":1,"featured_media":1817,"parent":0,"menu_order":0,"comment_status":"closed","ping_status":"closed","template":"elementor_header_footer","meta":{"_acf_changed":false,"footnotes":""},"class_list":["post-2281","page","type-page","status-publish","has-post-thumbnail","hentry"],"acf":[],"yoast_head":"<!-- This site is optimized with the Yoast SEO plugin v22.1 - https:\/\/yoast.com\/wordpress\/plugins\/seo\/ -->\n<title>News - Mess Frozen Pizza<\/title>\n<meta name=\"robots\" content=\"index, follow, max-snippet:-1, max-image-preview:large, max-video-preview:-1\" \/>\n<link rel=\"canonical\" href=\"https:\/\/messgida.com.tr\/en\/news\/\" \/>\n<meta property=\"og:locale\" content=\"en_US\" \/>\n<meta property=\"og:type\" content=\"article\" \/>\n<meta property=\"og:title\" content=\"News - Mess Frozen Pizza\" \/>\n<meta property=\"og:description\" content=\"Duyurular, Haberler Websitemiz Yenilendi! Mess G\u0131da olarak sizlere daha iyi hizmet sunabilmek i\u00e7in dijitalle\u015fme ad\u0131mlar\u0131na h\u0131z verdik. Bu kapsam da web sitemizi t\u00fcm cihazlarla uyumlu hale getirdik. T\u00fcm tablet ve telefon ve di\u011fer cihazarlarda Devam\u0131n\u0131 Oku Duyurular, Haberler Websitemiz Yenilendi! Mess G\u0131da olarak sizlere daha iyi hizmet sunabilmek i\u00e7in dijitalle\u015fme ad\u0131mlar\u0131na h\u0131z verdik. Bu kapsam [&hellip;]\" \/>\n<meta property=\"og:url\" content=\"https:\/\/messgida.com.tr\/en\/news\/\" \/>\n<meta property=\"og:site_name\" content=\"Mess Frozen Pizza\" \/>\n<meta property=\"article:publisher\" content=\"https:\/\/www.facebook.com\/messgida\" \/>\n<meta property=\"article:modified_time\" content=\"2024-01-10T21:09:20+00:00\" \/>\n<meta property=\"og:image\" content=\"https:\/\/messgida.com.tr\/wp-content\/uploads\/2022\/12\/hakkimizda-image-messgida-071222-1024x576.jpg\" \/>\n<meta name=\"twitter:card\" content=\"summary_large_image\" \/>\n<meta name=\"twitter:label1\" content=\"Est. reading time\" \/>\n\t<meta name=\"twitter:data1\" content=\"1 minute\" \/>\n<script type=\"application\/ld+json\" class=\"yoast-schema-graph\">{\"@context\":\"https:\/\/schema.org\",\"@graph\":[{\"@type\":\"WebPage\",\"@id\":\"https:\/\/messgida.com.tr\/en\/news\/\",\"url\":\"https:\/\/messgida.com.tr\/en\/news\/\",\"name\":\"News - Mess Frozen Pizza\",\"isPartOf\":{\"@id\":\"https:\/\/messgida.com.tr\/en\/#website\"},\"datePublished\":\"2022-12-10T13:32:32+00:00\",\"dateModified\":\"2024-01-10T21:09:20+00:00\",\"breadcrumb\":{\"@id\":\"https:\/\/messgida.com.tr\/en\/news\/#breadcrumb\"},\"inLanguage\":\"en-US\",\"potentialAction\":[{\"@type\":\"ReadAction\",\"target\":[\"https:\/\/messgida.com.tr\/en\/news\/\"]}]},{\"@type\":\"BreadcrumbList\",\"@id\":\"https:\/\/messgida.com.tr\/en\/news\/#breadcrumb\",\"itemListElement\":[{\"@type\":\"ListItem\",\"position\":1,\"name\":\"Anasayfa\",\"item\":\"https:\/\/messgida.com.tr\/en\/homepage\/\"},{\"@type\":\"ListItem\",\"position\":2,\"name\":\"News\"}]},{\"@type\":\"WebSite\",\"@id\":\"https:\/\/messgida.com.tr\/en\/#website\",\"url\":\"https:\/\/messgida.com.tr\/en\/\",\"name\":\"Mess Frozen Pizza\",\"description\":\"Frozen Flavors on the Trail of Freshness\",\"publisher\":{\"@id\":\"https:\/\/messgida.com.tr\/en\/#organization\"},\"potentialAction\":[{\"@type\":\"SearchAction\",\"target\":{\"@type\":\"EntryPoint\",\"urlTemplate\":\"https:\/\/messgida.com.tr\/en\/?s={search_term_string}\"},\"query-input\":\"required name=search_term_string\"}],\"inLanguage\":\"en-US\"},{\"@type\":\"Organization\",\"@id\":\"https:\/\/messgida.com.tr\/en\/#organization\",\"name\":\"Mess Frozen Pizza\",\"url\":\"https:\/\/messgida.com.tr\/en\/\",\"logo\":{\"@type\":\"ImageObject\",\"inLanguage\":\"en-US\",\"@id\":\"https:\/\/messgida.com.tr\/en\/#\/schema\/logo\/image\/\",\"url\":\"https:\/\/messgida.com.tr\/wp-content\/uploads\/2023\/02\/messgida-logo-dark.svg\",\"contentUrl\":\"https:\/\/messgida.com.tr\/wp-content\/uploads\/2023\/02\/messgida-logo-dark.svg\",\"width\":250,\"height\":46.07,\"caption\":\"Mess Frozen Pizza\"},\"image\":{\"@id\":\"https:\/\/messgida.com.tr\/en\/#\/schema\/logo\/image\/\"},\"sameAs\":[\"https:\/\/www.facebook.com\/messgida\"]}]}<\/script>\n<!-- \/ Yoast SEO plugin. -->","yoast_head_json":{"title":"News - Mess Frozen Pizza","robots":{"index":"index","follow":"follow","max-snippet":"max-snippet:-1","max-image-preview":"max-image-preview:large","max-video-preview":"max-video-preview:-1"},"canonical":"https:\/\/messgida.com.tr\/en\/news\/","og_locale":"en_US","og_type":"article","og_title":"News - Mess Frozen Pizza","og_description":"Duyurular, Haberler Websitemiz Yenilendi! Mess G\u0131da olarak sizlere daha iyi hizmet sunabilmek i\u00e7in dijitalle\u015fme ad\u0131mlar\u0131na h\u0131z verdik. Bu kapsam da web sitemizi t\u00fcm cihazlarla uyumlu hale getirdik. T\u00fcm tablet ve telefon ve di\u011fer cihazarlarda Devam\u0131n\u0131 Oku Duyurular, Haberler Websitemiz Yenilendi! Mess G\u0131da olarak sizlere daha iyi hizmet sunabilmek i\u00e7in dijitalle\u015fme ad\u0131mlar\u0131na h\u0131z verdik. Bu kapsam [&hellip;]","og_url":"https:\/\/messgida.com.tr\/en\/news\/","og_site_name":"Mess Frozen Pizza","article_publisher":"https:\/\/www.facebook.com\/messgida","article_modified_time":"2024-01-10T21:09:20+00:00","og_image":[{"url":"https:\/\/messgida.com.tr\/wp-content\/uploads\/2022\/12\/hakkimizda-image-messgida-071222-1024x576.jpg"}],"twitter_card":"summary_large_image","twitter_misc":{"Est. reading time":"1 minute"},"schema":{"@context":"https:\/\/schema.org","@graph":[{"@type":"WebPage","@id":"https:\/\/messgida.com.tr\/en\/news\/","url":"https:\/\/messgida.com.tr\/en\/news\/","name":"News - Mess Frozen Pizza","isPartOf":{"@id":"https:\/\/messgida.com.tr\/en\/#website"},"datePublished":"2022-12-10T13:32:32+00:00","dateModified":"2024-01-10T21:09:20+00:00","breadcrumb":{"@id":"https:\/\/messgida.com.tr\/en\/news\/#breadcrumb"},"inLanguage":"en-US","potentialAction":[{"@type":"ReadAction","target":["https:\/\/messgida.com.tr\/en\/news\/"]}]},{"@type":"BreadcrumbList","@id":"https:\/\/messgida.com.tr\/en\/news\/#breadcrumb","itemListElement":[{"@type":"ListItem","position":1,"name":"Anasayfa","item":"https:\/\/messgida.com.tr\/en\/homepage\/"},{"@type":"ListItem","position":2,"name":"News"}]},{"@type":"WebSite","@id":"https:\/\/messgida.com.tr\/en\/#website","url":"https:\/\/messgida.com.tr\/en\/","name":"Mess Frozen Pizza","description":"Frozen Flavors on the Trail of Freshness","publisher":{"@id":"https:\/\/messgida.com.tr\/en\/#organization"},"potentialAction":[{"@type":"SearchAction","target":{"@type":"EntryPoint","urlTemplate":"https:\/\/messgida.com.tr\/en\/?s={search_term_string}"},"query-input":"required name=search_term_string"}],"inLanguage":"en-US"},{"@type":"Organization","@id":"https:\/\/messgida.com.tr\/en\/#organization","name":"Mess Frozen Pizza","url":"https:\/\/messgida.com.tr\/en\/","logo":{"@type":"ImageObject","inLanguage":"en-US","@id":"https:\/\/messgida.com.tr\/en\/#\/schema\/logo\/image\/","url":"https:\/\/messgida.com.tr\/wp-content\/uploads\/2023\/02\/messgida-logo-dark.svg","contentUrl":"https:\/\/messgida.com.tr\/wp-content\/uploads\/2023\/02\/messgida-logo-dark.svg","width":250,"height":46.07,"caption":"Mess Frozen Pizza"},"image":{"@id":"https:\/\/messgida.com.tr\/en\/#\/schema\/logo\/image\/"},"sameAs":["https:\/\/www.facebook.com\/messgida"]}]}},"_links":{"self":[{"href":"https:\/\/messgida.com.tr\/en\/wp-json\/wp\/v2\/pages\/2281","targetHints":{"allow":["GET"]}}],"collection":[{"href":"https:\/\/messgida.com.tr\/en\/wp-json\/wp\/v2\/pages"}],"about":[{"href":"https:\/\/messgida.com.tr\/en\/wp-json\/wp\/v2\/types\/page"}],"author":[{"embeddable":true,"href":"https:\/\/messgida.com.tr\/en\/wp-json\/wp\/v2\/users\/1"}],"replies":[{"embeddable":true,"href":"https:\/\/messgida.com.tr\/en\/wp-json\/wp\/v2\/comments?post=2281"}],"version-history":[{"count":0,"href":"https:\/\/messgida.com.tr\/en\/wp-json\/wp\/v2\/pages\/2281\/revisions"}],"wp:featuredmedia":[{"embeddable":true,"href":"https:\/\/messgida.com.tr\/en\/wp-json\/wp\/v2\/media\/1817"}],"wp:attachment":[{"href":"https:\/\/messgida.com.tr\/en\/wp-json\/wp\/v2\/media?parent=2281"}],"curies":[{"name":"wp","href":"https:\/\/api.w.org\/{rel}","templated":true}]}}