{"id":2140,"date":"2022-12-19T20:47:58","date_gmt":"2022-12-19T20:47:58","guid":{"rendered":"https:\/\/messgida.com.tr\/urun\/gehacktes-fladenbrot\/"},"modified":"2022-12-19T20:47:58","modified_gmt":"2022-12-19T20:47:58","slug":"gehacktes-fladenbrot","status":"publish","type":"product","link":"https:\/\/messgida.com.tr\/de\/urun\/gehacktes-fladenbrot\/","title":{"rendered":"Gehacktes Fladenbrot"},"content":{"rendered":"<p><strong>Empfehlungen f\u00fcr die Verwendung<\/strong><br \/>\nOhne zu warten, bis die Mess-Pizza \u00fcberbacken ist, legen Sie sie auf den unbeheizten Rost des auf 200-200 Grad vorgeheizten Ofens und backen sie 8-10 Minuten.<\/p>\n<p><strong>Nettomenge (g\/ml)<\/strong><br \/>\n780<\/p>\n<p><strong>Herkunft<\/strong><br \/>\nT\u00dcRKEI<\/p>\n<p><strong>Inhalt<\/strong><br \/>\nWeizenmehl, Wasser, K\u00e4se (pasteurisierte Kuhmilch, Salz, K\u00e4sekultur, Lab), Tomatenmark (Tomatenp\u00fcree), H\u00fchnerwurst (H\u00fchnerfleisch und -fett, Gew\u00fcrzmischung, Salz), H\u00fchnersalami (H\u00fchnerfleisch und -fett, Wasser, Sonnenblumen\u00f6l, Gew\u00fcrzmischung, Sojaeiwei\u00df, Kartoffelst\u00e4rke, Salz), Mais, Oliven, H\u00fchnerwurst (H\u00fchnerfleisch und -fett, Wasser, Sonnenblumen\u00f6l, Gew\u00fcrzmischung, Sojaeiwei\u00df, Kartoffelst\u00e4rke, Salz), Pfeffer, Hefe, Sonnenblumen\u00f6l, Zucker, Salz, Gew\u00fcrzmischung (es wurden bestrahlte Gew\u00fcrze verwendet).<\/p>\n<p><strong>Allergene Warnung<\/strong><br \/>\nWeizenmehl (Gluten), K\u00e4se (Molkereiprodukt), Sojaeiwei\u00df<\/p>\n<p><strong>Lagerungsbedingungen<\/strong><br \/>\nLagerung bei -18 \u00b0C<\/p>\n<p><strong>Lebensmittelbetreiber \/ Hersteller \/ Importeur \/ H\u00e4ndler<\/strong><br \/>\nMESS FOOD AGRICULTURE IMPORT EXPORT SAN.VE TI\u0307C.LTD CO.<\/p>\n","protected":false},"excerpt":{"rendered":"<p>Unsere Pizzen, die Sie nach dem Kauf 24 Stunden im K\u00fchlschrank und 7 Tage im Gefrierschrank aufbewahren k\u00f6nnen, sind im Gefrierschrank bei -18 Grad bis zu 1 Jahr haltbar. Um die Pizza zuzubereiten, legen Sie sie einfach f\u00fcr 8 bis 10 Minuten in den auf 250 Grad vorgeheizten Ofen. Stellen Sie sicher, dass das Backblech kalt und der Ofen vorgeheizt ist.<\/p>\n","protected":false},"featured_media":1094,"template":"","meta":{"_acf_changed":false},"product_cat":[58],"product_tag":[],"class_list":{"0":"post-2140","1":"product","2":"type-product","3":"status-publish","4":"has-post-thumbnail","6":"product_cat-fladenbrot","8":"first","9":"instock","10":"shipping-taxable","11":"product-type-simple"},"acf":[],"yoast_head":"<!-- This site is optimized with the Yoast SEO plugin v22.1 - https:\/\/yoast.com\/wordpress\/plugins\/seo\/ -->\n<title>Gehacktes Fladenbrot - Mess Tiefk\u00fchlpizza<\/title>\n<meta name=\"robots\" content=\"index, follow, max-snippet:-1, max-image-preview:large, max-video-preview:-1\" \/>\n<link rel=\"canonical\" href=\"https:\/\/messgida.com.tr\/de\/urun\/gehacktes-fladenbrot\/\" \/>\n<meta property=\"og:locale\" content=\"de_DE\" \/>\n<meta property=\"og:type\" content=\"article\" \/>\n<meta property=\"og:title\" content=\"Gehacktes Fladenbrot - Mess Tiefk\u00fchlpizza\" \/>\n<meta property=\"og:description\" content=\"Unsere Pizzen, die Sie nach dem Kauf 24 Stunden im K\u00fchlschrank und 7 Tage im Gefrierschrank aufbewahren k\u00f6nnen, sind im Gefrierschrank bei -18 Grad bis zu 1 Jahr haltbar. Um die Pizza zuzubereiten, legen Sie sie einfach f\u00fcr 8 bis 10 Minuten in den auf 250 Grad vorgeheizten Ofen. Stellen Sie sicher, dass das Backblech kalt und der Ofen vorgeheizt ist.\" \/>\n<meta property=\"og:url\" content=\"https:\/\/messgida.com.tr\/de\/urun\/gehacktes-fladenbrot\/\" \/>\n<meta property=\"og:site_name\" content=\"Mess Tiefk\u00fchlpizza\" \/>\n<meta property=\"article:publisher\" content=\"https:\/\/www.facebook.com\/messgida\" \/>\n<meta name=\"twitter:card\" content=\"summary_large_image\" \/>\n<meta name=\"twitter:label1\" content=\"Gesch\u00e4tzte Lesezeit\" \/>\n\t<meta name=\"twitter:data1\" content=\"1\u00a0Minute\" \/>\n<script type=\"application\/ld+json\" class=\"yoast-schema-graph\">{\"@context\":\"https:\/\/schema.org\",\"@graph\":[{\"@type\":\"WebPage\",\"@id\":\"https:\/\/messgida.com.tr\/de\/urun\/gehacktes-fladenbrot\/\",\"url\":\"https:\/\/messgida.com.tr\/de\/urun\/gehacktes-fladenbrot\/\",\"name\":\"Gehacktes Fladenbrot - Mess Tiefk\u00fchlpizza\",\"isPartOf\":{\"@id\":\"https:\/\/messgida.com.tr\/de\/#website\"},\"datePublished\":\"2022-12-19T20:47:58+00:00\",\"dateModified\":\"2022-12-19T20:47:58+00:00\",\"breadcrumb\":{\"@id\":\"https:\/\/messgida.com.tr\/de\/urun\/gehacktes-fladenbrot\/#breadcrumb\"},\"inLanguage\":\"de\",\"potentialAction\":[{\"@type\":\"ReadAction\",\"target\":[\"https:\/\/messgida.com.tr\/de\/urun\/gehacktes-fladenbrot\/\"]}]},{\"@type\":\"BreadcrumbList\",\"@id\":\"https:\/\/messgida.com.tr\/de\/urun\/gehacktes-fladenbrot\/#breadcrumb\",\"itemListElement\":[{\"@type\":\"ListItem\",\"position\":1,\"name\":\"Anasayfa\",\"item\":\"https:\/\/messgida.com.tr\/de\/homepage\/\"},{\"@type\":\"ListItem\",\"position\":2,\"name\":\"Products\",\"item\":\"https:\/\/messgida.com.tr\/de\/shop\/\"},{\"@type\":\"ListItem\",\"position\":3,\"name\":\"Gehacktes Fladenbrot\"}]},{\"@type\":\"WebSite\",\"@id\":\"https:\/\/messgida.com.tr\/de\/#website\",\"url\":\"https:\/\/messgida.com.tr\/de\/\",\"name\":\"Mess Tiefk\u00fchlpizza\",\"description\":\"Gefrorene Aromen auf der Spur der Frische\",\"publisher\":{\"@id\":\"https:\/\/messgida.com.tr\/de\/#organization\"},\"potentialAction\":[{\"@type\":\"SearchAction\",\"target\":{\"@type\":\"EntryPoint\",\"urlTemplate\":\"https:\/\/messgida.com.tr\/de\/?s={search_term_string}\"},\"query-input\":\"required name=search_term_string\"}],\"inLanguage\":\"de\"},{\"@type\":\"Organization\",\"@id\":\"https:\/\/messgida.com.tr\/de\/#organization\",\"name\":\"Mess Tiefk\u00fchlpizza\",\"url\":\"https:\/\/messgida.com.tr\/de\/\",\"logo\":{\"@type\":\"ImageObject\",\"inLanguage\":\"de\",\"@id\":\"https:\/\/messgida.com.tr\/de\/#\/schema\/logo\/image\/\",\"url\":\"https:\/\/messgida.com.tr\/wp-content\/uploads\/2023\/02\/messgida-logo-dark.svg\",\"contentUrl\":\"https:\/\/messgida.com.tr\/wp-content\/uploads\/2023\/02\/messgida-logo-dark.svg\",\"width\":250,\"height\":46.07,\"caption\":\"Mess Tiefk\u00fchlpizza\"},\"image\":{\"@id\":\"https:\/\/messgida.com.tr\/de\/#\/schema\/logo\/image\/\"},\"sameAs\":[\"https:\/\/www.facebook.com\/messgida\"]}]}<\/script>\n<!-- \/ Yoast SEO plugin. -->","yoast_head_json":{"title":"Gehacktes Fladenbrot - Mess Tiefk\u00fchlpizza","robots":{"index":"index","follow":"follow","max-snippet":"max-snippet:-1","max-image-preview":"max-image-preview:large","max-video-preview":"max-video-preview:-1"},"canonical":"https:\/\/messgida.com.tr\/de\/urun\/gehacktes-fladenbrot\/","og_locale":"de_DE","og_type":"article","og_title":"Gehacktes Fladenbrot - Mess Tiefk\u00fchlpizza","og_description":"Unsere Pizzen, die Sie nach dem Kauf 24 Stunden im K\u00fchlschrank und 7 Tage im Gefrierschrank aufbewahren k\u00f6nnen, sind im Gefrierschrank bei -18 Grad bis zu 1 Jahr haltbar. Um die Pizza zuzubereiten, legen Sie sie einfach f\u00fcr 8 bis 10 Minuten in den auf 250 Grad vorgeheizten Ofen. Stellen Sie sicher, dass das Backblech kalt und der Ofen vorgeheizt ist.","og_url":"https:\/\/messgida.com.tr\/de\/urun\/gehacktes-fladenbrot\/","og_site_name":"Mess Tiefk\u00fchlpizza","article_publisher":"https:\/\/www.facebook.com\/messgida","twitter_card":"summary_large_image","twitter_misc":{"Gesch\u00e4tzte Lesezeit":"1\u00a0Minute"},"schema":{"@context":"https:\/\/schema.org","@graph":[{"@type":"WebPage","@id":"https:\/\/messgida.com.tr\/de\/urun\/gehacktes-fladenbrot\/","url":"https:\/\/messgida.com.tr\/de\/urun\/gehacktes-fladenbrot\/","name":"Gehacktes Fladenbrot - Mess Tiefk\u00fchlpizza","isPartOf":{"@id":"https:\/\/messgida.com.tr\/de\/#website"},"datePublished":"2022-12-19T20:47:58+00:00","dateModified":"2022-12-19T20:47:58+00:00","breadcrumb":{"@id":"https:\/\/messgida.com.tr\/de\/urun\/gehacktes-fladenbrot\/#breadcrumb"},"inLanguage":"de","potentialAction":[{"@type":"ReadAction","target":["https:\/\/messgida.com.tr\/de\/urun\/gehacktes-fladenbrot\/"]}]},{"@type":"BreadcrumbList","@id":"https:\/\/messgida.com.tr\/de\/urun\/gehacktes-fladenbrot\/#breadcrumb","itemListElement":[{"@type":"ListItem","position":1,"name":"Anasayfa","item":"https:\/\/messgida.com.tr\/de\/homepage\/"},{"@type":"ListItem","position":2,"name":"Products","item":"https:\/\/messgida.com.tr\/de\/shop\/"},{"@type":"ListItem","position":3,"name":"Gehacktes Fladenbrot"}]},{"@type":"WebSite","@id":"https:\/\/messgida.com.tr\/de\/#website","url":"https:\/\/messgida.com.tr\/de\/","name":"Mess Tiefk\u00fchlpizza","description":"Gefrorene Aromen auf der Spur der Frische","publisher":{"@id":"https:\/\/messgida.com.tr\/de\/#organization"},"potentialAction":[{"@type":"SearchAction","target":{"@type":"EntryPoint","urlTemplate":"https:\/\/messgida.com.tr\/de\/?s={search_term_string}"},"query-input":"required name=search_term_string"}],"inLanguage":"de"},{"@type":"Organization","@id":"https:\/\/messgida.com.tr\/de\/#organization","name":"Mess Tiefk\u00fchlpizza","url":"https:\/\/messgida.com.tr\/de\/","logo":{"@type":"ImageObject","inLanguage":"de","@id":"https:\/\/messgida.com.tr\/de\/#\/schema\/logo\/image\/","url":"https:\/\/messgida.com.tr\/wp-content\/uploads\/2023\/02\/messgida-logo-dark.svg","contentUrl":"https:\/\/messgida.com.tr\/wp-content\/uploads\/2023\/02\/messgida-logo-dark.svg","width":250,"height":46.07,"caption":"Mess Tiefk\u00fchlpizza"},"image":{"@id":"https:\/\/messgida.com.tr\/de\/#\/schema\/logo\/image\/"},"sameAs":["https:\/\/www.facebook.com\/messgida"]}]}},"_links":{"self":[{"href":"https:\/\/messgida.com.tr\/de\/wp-json\/wp\/v2\/product\/2140","targetHints":{"allow":["GET"]}}],"collection":[{"href":"https:\/\/messgida.com.tr\/de\/wp-json\/wp\/v2\/product"}],"about":[{"href":"https:\/\/messgida.com.tr\/de\/wp-json\/wp\/v2\/types\/product"}],"wp:featuredmedia":[{"embeddable":true,"href":"https:\/\/messgida.com.tr\/de\/wp-json\/wp\/v2\/media\/1094"}],"wp:attachment":[{"href":"https:\/\/messgida.com.tr\/de\/wp-json\/wp\/v2\/media?parent=2140"}],"wp:term":[{"taxonomy":"product_cat","embeddable":true,"href":"https:\/\/messgida.com.tr\/de\/wp-json\/wp\/v2\/product_cat?post=2140"},{"taxonomy":"product_tag","embeddable":true,"href":"https:\/\/messgida.com.tr\/de\/wp-json\/wp\/v2\/product_tag?post=2140"}],"curies":[{"name":"wp","href":"https:\/\/api.w.org\/{rel}","templated":true}]}}