{"id":2298,"date":"2023-02-21T22:03:47","date_gmt":"2023-02-21T22:03:47","guid":{"rendered":"https:\/\/messgida.com.tr\/unsere-haendler\/"},"modified":"2024-01-29T17:22:55","modified_gmt":"2024-01-29T17:22:55","slug":"unsere-haendler","status":"publish","type":"page","link":"https:\/\/messgida.com.tr\/de\/unsere-haendler\/","title":{"rendered":"Unsere H\u00e4ndler"},"content":{"rendered":"\t\t<div data-elementor-type=\"wp-page\" data-elementor-id=\"2298\" class=\"elementor elementor-2298 elementor-1519\">\n\t\t\t\t\t\t<section class=\"elementor-section elementor-top-section elementor-element elementor-element-e7e5677 elementor-section-boxed elementor-section-height-default elementor-section-height-default\" data-id=\"e7e5677\" data-element_type=\"section\" data-settings=\"{&quot;jet_parallax_layout_list&quot;:[]}\">\n\t\t\t\t\t\t<div class=\"elementor-container elementor-column-gap-default\">\n\t\t\t\t\t<div class=\"elementor-column elementor-col-100 elementor-top-column elementor-element elementor-element-9f7ee5c\" data-id=\"9f7ee5c\" data-element_type=\"column\">\n\t\t\t<div class=\"elementor-widget-wrap elementor-element-populated\">\n\t\t\t\t\t\t<div class=\"elementor-element elementor-element-280dfe2 elementor-widget elementor-widget-heading\" data-id=\"280dfe2\" data-element_type=\"widget\" data-widget_type=\"heading.default\">\n\t\t\t\t<div class=\"elementor-widget-container\">\n\t\t\t<style>\/*! elementor - v3.19.0 - 28-02-2024 *\/\n.elementor-heading-title{padding:0;margin:0;line-height:1}.elementor-widget-heading .elementor-heading-title[class*=elementor-size-]>a{color:inherit;font-size:inherit;line-height:inherit}.elementor-widget-heading .elementor-heading-title.elementor-size-small{font-size:15px}.elementor-widget-heading .elementor-heading-title.elementor-size-medium{font-size:19px}.elementor-widget-heading .elementor-heading-title.elementor-size-large{font-size:29px}.elementor-widget-heading .elementor-heading-title.elementor-size-xl{font-size:39px}.elementor-widget-heading .elementor-heading-title.elementor-size-xxl{font-size:59px}<\/style><h2 class=\"elementor-heading-title elementor-size-default\">Unsere H\u00e4ndler<\/h2>\t\t<\/div>\n\t\t\t\t<\/div>\n\t\t\t\t<div class=\"elementor-element elementor-element-c3ba5da elementor-widget elementor-widget-shortcode\" data-id=\"c3ba5da\" data-element_type=\"widget\" data-widget_type=\"shortcode.default\">\n\t\t\t\t<div class=\"elementor-widget-container\">\n\t\t\t\t\t<div class=\"elementor-shortcode\">[wpsl]<\/div>\n\t\t\t\t<\/div>\n\t\t\t\t<\/div>\n\t\t\t\t\t<\/div>\n\t\t<\/div>\n\t\t\t\t\t<\/div>\n\t\t<\/section>\n\t\t\t\t<\/div>\n\t\t","protected":false},"excerpt":{"rendered":"<p>Unsere H\u00e4ndler [wpsl]<\/p>\n","protected":false},"author":1,"featured_media":1863,"parent":0,"menu_order":0,"comment_status":"closed","ping_status":"closed","template":"full-width.php","meta":{"_acf_changed":false,"footnotes":""},"class_list":["post-2298","page","type-page","status-publish","has-post-thumbnail","hentry"],"acf":[],"yoast_head":"<!-- This site is optimized with the Yoast SEO plugin v22.1 - https:\/\/yoast.com\/wordpress\/plugins\/seo\/ -->\n<title>Unsere H\u00e4ndler - Mess Tiefk\u00fchlpizza<\/title>\n<meta name=\"robots\" content=\"index, follow, max-snippet:-1, max-image-preview:large, max-video-preview:-1\" \/>\n<link rel=\"canonical\" href=\"https:\/\/messgida.com.tr\/de\/unsere-haendler\/\" \/>\n<meta property=\"og:locale\" content=\"de_DE\" \/>\n<meta property=\"og:type\" content=\"article\" \/>\n<meta property=\"og:title\" content=\"Unsere H\u00e4ndler - Mess Tiefk\u00fchlpizza\" \/>\n<meta property=\"og:description\" content=\"Unsere H\u00e4ndler [wpsl]\" \/>\n<meta property=\"og:url\" content=\"https:\/\/messgida.com.tr\/de\/unsere-haendler\/\" \/>\n<meta property=\"og:site_name\" content=\"Mess Tiefk\u00fchlpizza\" \/>\n<meta property=\"article:publisher\" content=\"https:\/\/www.facebook.com\/messgida\" \/>\n<meta property=\"article:modified_time\" content=\"2024-01-29T17:22:55+00:00\" \/>\n<meta property=\"og:image\" content=\"https:\/\/messgida.com.tr\/wp-content\/uploads\/2022\/12\/messgida-images-007.jpg\" \/>\n\t<meta property=\"og:image:width\" content=\"1920\" \/>\n\t<meta property=\"og:image:height\" content=\"1080\" \/>\n\t<meta property=\"og:image:type\" content=\"image\/jpeg\" \/>\n<meta name=\"twitter:card\" content=\"summary_large_image\" \/>\n<script type=\"application\/ld+json\" class=\"yoast-schema-graph\">{\"@context\":\"https:\/\/schema.org\",\"@graph\":[{\"@type\":\"WebPage\",\"@id\":\"https:\/\/messgida.com.tr\/de\/unsere-haendler\/\",\"url\":\"https:\/\/messgida.com.tr\/de\/unsere-haendler\/\",\"name\":\"Unsere H\u00e4ndler - Mess Tiefk\u00fchlpizza\",\"isPartOf\":{\"@id\":\"https:\/\/messgida.com.tr\/de\/#website\"},\"datePublished\":\"2023-02-21T22:03:47+00:00\",\"dateModified\":\"2024-01-29T17:22:55+00:00\",\"breadcrumb\":{\"@id\":\"https:\/\/messgida.com.tr\/de\/unsere-haendler\/#breadcrumb\"},\"inLanguage\":\"de\",\"potentialAction\":[{\"@type\":\"ReadAction\",\"target\":[\"https:\/\/messgida.com.tr\/de\/unsere-haendler\/\"]}]},{\"@type\":\"BreadcrumbList\",\"@id\":\"https:\/\/messgida.com.tr\/de\/unsere-haendler\/#breadcrumb\",\"itemListElement\":[{\"@type\":\"ListItem\",\"position\":1,\"name\":\"Anasayfa\",\"item\":\"https:\/\/messgida.com.tr\/de\/homepage\/\"},{\"@type\":\"ListItem\",\"position\":2,\"name\":\"Unsere H\u00e4ndler\"}]},{\"@type\":\"WebSite\",\"@id\":\"https:\/\/messgida.com.tr\/de\/#website\",\"url\":\"https:\/\/messgida.com.tr\/de\/\",\"name\":\"Mess Tiefk\u00fchlpizza\",\"description\":\"Gefrorene Aromen auf der Spur der Frische\",\"publisher\":{\"@id\":\"https:\/\/messgida.com.tr\/de\/#organization\"},\"potentialAction\":[{\"@type\":\"SearchAction\",\"target\":{\"@type\":\"EntryPoint\",\"urlTemplate\":\"https:\/\/messgida.com.tr\/de\/?s={search_term_string}\"},\"query-input\":\"required name=search_term_string\"}],\"inLanguage\":\"de\"},{\"@type\":\"Organization\",\"@id\":\"https:\/\/messgida.com.tr\/de\/#organization\",\"name\":\"Mess Tiefk\u00fchlpizza\",\"url\":\"https:\/\/messgida.com.tr\/de\/\",\"logo\":{\"@type\":\"ImageObject\",\"inLanguage\":\"de\",\"@id\":\"https:\/\/messgida.com.tr\/de\/#\/schema\/logo\/image\/\",\"url\":\"https:\/\/messgida.com.tr\/wp-content\/uploads\/2023\/02\/messgida-logo-dark.svg\",\"contentUrl\":\"https:\/\/messgida.com.tr\/wp-content\/uploads\/2023\/02\/messgida-logo-dark.svg\",\"width\":250,\"height\":46.07,\"caption\":\"Mess Tiefk\u00fchlpizza\"},\"image\":{\"@id\":\"https:\/\/messgida.com.tr\/de\/#\/schema\/logo\/image\/\"},\"sameAs\":[\"https:\/\/www.facebook.com\/messgida\"]}]}<\/script>\n<!-- \/ Yoast SEO plugin. -->","yoast_head_json":{"title":"Unsere H\u00e4ndler - Mess Tiefk\u00fchlpizza","robots":{"index":"index","follow":"follow","max-snippet":"max-snippet:-1","max-image-preview":"max-image-preview:large","max-video-preview":"max-video-preview:-1"},"canonical":"https:\/\/messgida.com.tr\/de\/unsere-haendler\/","og_locale":"de_DE","og_type":"article","og_title":"Unsere H\u00e4ndler - Mess Tiefk\u00fchlpizza","og_description":"Unsere H\u00e4ndler [wpsl]","og_url":"https:\/\/messgida.com.tr\/de\/unsere-haendler\/","og_site_name":"Mess Tiefk\u00fchlpizza","article_publisher":"https:\/\/www.facebook.com\/messgida","article_modified_time":"2024-01-29T17:22:55+00:00","og_image":[{"width":1920,"height":1080,"url":"https:\/\/messgida.com.tr\/wp-content\/uploads\/2022\/12\/messgida-images-007.jpg","type":"image\/jpeg"}],"twitter_card":"summary_large_image","schema":{"@context":"https:\/\/schema.org","@graph":[{"@type":"WebPage","@id":"https:\/\/messgida.com.tr\/de\/unsere-haendler\/","url":"https:\/\/messgida.com.tr\/de\/unsere-haendler\/","name":"Unsere H\u00e4ndler - Mess Tiefk\u00fchlpizza","isPartOf":{"@id":"https:\/\/messgida.com.tr\/de\/#website"},"datePublished":"2023-02-21T22:03:47+00:00","dateModified":"2024-01-29T17:22:55+00:00","breadcrumb":{"@id":"https:\/\/messgida.com.tr\/de\/unsere-haendler\/#breadcrumb"},"inLanguage":"de","potentialAction":[{"@type":"ReadAction","target":["https:\/\/messgida.com.tr\/de\/unsere-haendler\/"]}]},{"@type":"BreadcrumbList","@id":"https:\/\/messgida.com.tr\/de\/unsere-haendler\/#breadcrumb","itemListElement":[{"@type":"ListItem","position":1,"name":"Anasayfa","item":"https:\/\/messgida.com.tr\/de\/homepage\/"},{"@type":"ListItem","position":2,"name":"Unsere H\u00e4ndler"}]},{"@type":"WebSite","@id":"https:\/\/messgida.com.tr\/de\/#website","url":"https:\/\/messgida.com.tr\/de\/","name":"Mess Tiefk\u00fchlpizza","description":"Gefrorene Aromen auf der Spur der Frische","publisher":{"@id":"https:\/\/messgida.com.tr\/de\/#organization"},"potentialAction":[{"@type":"SearchAction","target":{"@type":"EntryPoint","urlTemplate":"https:\/\/messgida.com.tr\/de\/?s={search_term_string}"},"query-input":"required name=search_term_string"}],"inLanguage":"de"},{"@type":"Organization","@id":"https:\/\/messgida.com.tr\/de\/#organization","name":"Mess Tiefk\u00fchlpizza","url":"https:\/\/messgida.com.tr\/de\/","logo":{"@type":"ImageObject","inLanguage":"de","@id":"https:\/\/messgida.com.tr\/de\/#\/schema\/logo\/image\/","url":"https:\/\/messgida.com.tr\/wp-content\/uploads\/2023\/02\/messgida-logo-dark.svg","contentUrl":"https:\/\/messgida.com.tr\/wp-content\/uploads\/2023\/02\/messgida-logo-dark.svg","width":250,"height":46.07,"caption":"Mess Tiefk\u00fchlpizza"},"image":{"@id":"https:\/\/messgida.com.tr\/de\/#\/schema\/logo\/image\/"},"sameAs":["https:\/\/www.facebook.com\/messgida"]}]}},"_links":{"self":[{"href":"https:\/\/messgida.com.tr\/de\/wp-json\/wp\/v2\/pages\/2298","targetHints":{"allow":["GET"]}}],"collection":[{"href":"https:\/\/messgida.com.tr\/de\/wp-json\/wp\/v2\/pages"}],"about":[{"href":"https:\/\/messgida.com.tr\/de\/wp-json\/wp\/v2\/types\/page"}],"author":[{"embeddable":true,"href":"https:\/\/messgida.com.tr\/de\/wp-json\/wp\/v2\/users\/1"}],"replies":[{"embeddable":true,"href":"https:\/\/messgida.com.tr\/de\/wp-json\/wp\/v2\/comments?post=2298"}],"version-history":[{"count":0,"href":"https:\/\/messgida.com.tr\/de\/wp-json\/wp\/v2\/pages\/2298\/revisions"}],"wp:featuredmedia":[{"embeddable":true,"href":"https:\/\/messgida.com.tr\/de\/wp-json\/wp\/v2\/media\/1863"}],"wp:attachment":[{"href":"https:\/\/messgida.com.tr\/de\/wp-json\/wp\/v2\/media?parent=2298"}],"curies":[{"name":"wp","href":"https:\/\/api.w.org\/{rel}","templated":true}]}}