{"id":2197,"date":"2022-12-05T21:02:48","date_gmt":"2022-12-05T21:02:48","guid":{"rendered":"https:\/\/messgida.com.tr\/cookie-richtlinie\/"},"modified":"2022-12-05T21:02:48","modified_gmt":"2022-12-05T21:02:48","slug":"cookie-richtlinie","status":"publish","type":"page","link":"https:\/\/messgida.com.tr\/de\/cookie-richtlinie\/","title":{"rendered":"Cookie-Richtlinie"},"content":{"rendered":"<p><strong><u>COOKIE-POLITIK<\/u><\/strong><\/p>\n<p>Diese Cookie-Richtlinie erkl\u00e4rt, was Cookies sind und wie wir sie verwenden.<\/p>\n<p>Cookies sind kleine Informationspakete, die von Ihrem Webbrowser gespeichert werden, wenn Sie bestimmte Websites, einschlie\u00dflich unserer Website, besuchen. Cookies werden im Allgemeinen von Websites verwendet, um die Benutzerfreundlichkeit zu verbessern, indem sie es der Website erm\u00f6glichen, sich f\u00fcr die Dauer Ihres Besuchs an Sie zu erinnern (mit Hilfe eines Sitzungs-Cookies, das gel\u00f6scht wird, wenn Sie Ihren Browser schlie\u00dfen) oder f\u00fcr wiederholte Besuche. Wir verwenden Cookies nicht zur Verarbeitung und Speicherung sensibler Daten, wie z. B. Ihrer personenbezogenen Daten, insbesondere Ihrer Gesundheitsdaten.<\/p>\n<p><strong>WARUM SIND COOKIES NOTWENDIG?<\/strong><\/p>\n<p>Cookies sind kleine Textdateien, die zum Speichern kleiner Informationen verwendet werden. Wenn die Website in Ihrem Browser geladen wird, werden Cookies auf Ihrem Ger\u00e4t gespeichert. Diese Cookies erm\u00f6glichen es uns, das ordnungsgem\u00e4\u00dfe Funktionieren der Website zu gew\u00e4hrleisten, die Website sicherer zu machen, die Benutzerfreundlichkeit zu verbessern und zu analysieren, wie die Website funktioniert, was funktioniert und wo Verbesserungen erforderlich sind.<\/p>\n<p>Wie die meisten Online-Dienste verwendet auch unsere Website Cookies von Erst- und Drittanbietern f\u00fcr eine Reihe von Zwecken. Erstanbieter-Cookies sind in den meisten F\u00e4llen f\u00fcr das ordnungsgem\u00e4\u00dfe Funktionieren der Website erforderlich und erfassen keine personenbezogenen Daten von Ihnen.<\/p>\n<p>Cookies von Drittanbietern, die auf unseren Websites verwendet werden, dienen haupts\u00e4chlich dazu, zu verstehen, wie die Website funktioniert, wie Sie mit unserer Website interagieren, um unsere Dienste sicher zu halten, um Ihnen f\u00fcr Sie relevante Anzeigen zu liefern und um Ihnen eine bessere und verbesserte Darstellung aller Anzeigen zu bieten. Es tr\u00e4gt dazu bei, Ihre Benutzererfahrung und zuk\u00fcnftige Interaktionen mit unserer Website zu beschleunigen.<\/p>\n<p><strong>WELCHE ART VON COOKIES VERWENDEN WIR?<\/strong><\/p>\n<p><strong>Obligatorische\/Technische Cookies:<\/strong> Einige Cookies sind zwingend erforderlich, damit Sie die volle Funktionalit\u00e4t unserer Website nutzen k\u00f6nnen. Sie erm\u00f6glichen es uns, Benutzersitzungen aufrechtzuerhalten und Sicherheitsbedrohungen zu verhindern. Sie sammeln und speichern keine pers\u00f6nlichen Informationen. Diese Cookies erm\u00f6glichen Ihnen beispielsweise den Zugang zu sicheren Bereichen der Website, die Nutzung ihrer Funktionen und die Navigation auf ihr.<\/p>\n<p><strong>Analytische Cookies:<\/strong> Diese Cookies werden verwendet, um die Anzahl der Besucher der Website, die Anzahl der einzelnen Besucher, die besuchten Seiten der Website, die Quelle des Besuchs usw. zu analysieren. speichert Informationen. Anhand dieser Daten k\u00f6nnen wir die Leistung der Website analysieren und feststellen, wie gut sie funktioniert. Sie enthalten keine Daten, mit denen die Identit\u00e4t der Besucher festgestellt werden kann.<\/p>\n<p><strong>Targeting\/Werbung Cookies:<\/strong> Werden verwendet, wenn unsere Website Werbung anbietet. Diese Cookies werden verwendet, um die Anzeigen, die wir Ihnen zeigen, so zu personalisieren, dass sie f\u00fcr Sie sinnvoll sind. Diese Cookies helfen uns auch dabei, die Wirksamkeit dieser Werbekampagnen zu verfolgen.<\/p>\n<p><strong>Funktionelle\/funktionale Cookies:<\/strong> Dies sind Cookies, die bei einigen nicht essentiellen Funktionen unserer Website helfen. Zu diesen Funktionen geh\u00f6ren das Einbetten von Inhalten wie Videos oder das Teilen von Inhalten der Website auf Plattformen sozialer Medien.<\/p>\n<p><strong>ALLGEMEINE COOKIE-RICHTLINIE<\/strong><\/p>\n<p>Diese Website verwendet Cookies, um Ihre Erfahrung beim Surfen auf der Website zu verbessern. Von diesen Cookies werden die als notwendig eingestuften Cookies in Ihrem Browser gespeichert, da sie f\u00fcr das Funktionieren der grundlegenden Funktionen der Website unerl\u00e4sslich sind. Wir verwenden auch Cookies von Dritten, die uns helfen zu analysieren und zu verstehen, wie Sie diese Website nutzen. Diese Cookies werden nur mit Ihrer Zustimmung in Ihrem Browser gespeichert. Sie haben auch die M\u00f6glichkeit, diese Cookies abzulehnen. Wenn Sie jedoch einige dieser Cookies nicht ausw\u00e4hlen, kann dies Ihr Surferlebnis beeintr\u00e4chtigen. Cookies erm\u00f6glichen es Ihnen, Ihre Aktivit\u00e4ten bei zuk\u00fcnftigen Besuchen zu beschleunigen.<\/p>\n<p>Notwendige Cookies sind unbedingt erforderlich, damit die Website ordnungsgem\u00e4\u00df funktioniert. Zu dieser Kategorie geh\u00f6ren nur Cookies, die grundlegende Funktionen und Sicherheitsmerkmale der Website gew\u00e4hrleisten. Diese Cookies speichern keine pers\u00f6nlichen Informationen.<\/p>\n<p>Wenn Sie Cookies deaktivieren, kann es sein, dass Sie auf einige Funktionen unserer Website nicht zugreifen k\u00f6nnen oder dass bestimmte Inhalte oder Funktionen nicht verf\u00fcgbar sind.<\/p>\n<p><strong>WIE VERWALTE ICH MEINE COOKIE-EINSTELLUNGEN?<\/strong><\/p>\n<p>Um Ihre Pr\u00e4ferenzen bez\u00fcglich der Verwendung von Cookies zu \u00e4ndern oder um Cookies zu blockieren oder zu l\u00f6schen, \u00e4ndern Sie einfach die Einstellungen Ihres Browsers.<\/p>\n<p>Viele Browser bieten Ihnen die M\u00f6glichkeit, Cookies zu akzeptieren oder abzulehnen, nur bestimmte Arten von Cookies zu akzeptieren oder vom Browser gewarnt zu werden, wenn eine Website Cookies auf Ihrem Ger\u00e4t speichern m\u00f6chte, so dass Sie die Cookies kontrollieren k\u00f6nnen.<\/p>\n<p>Es ist auch m\u00f6glich, Cookies zu l\u00f6schen, die bereits in Ihrem Browser gespeichert sind.<\/p>\n<p>Wenn Sie Cookies deaktivieren oder ablehnen m\u00f6chten, k\u00f6nnen Sie Ihre Transaktion manuell \u00fcber die unten stehenden Links durchf\u00fchren.<\/p>\n<p><strong>So l\u00f6schen Sie Cookies in Google Chrome:<\/strong><\/p>\n<p>W\u00e4hlen Sie die 3 vertikalen Punkte in der oberen rechten Ecke des Chrome-Bildschirms.<br \/>\nWeitere Tools&gt; W\u00e4hlen Sie Scandaten l\u00f6schen.<\/p>\n<p><strong>So l\u00f6schen Sie Cookies in Firefox:<\/strong><\/p>\n<p>W\u00e4hlen Sie die 3 horizontalen Linien in der oberen rechten Ecke des Firefox-Bildschirms.<br \/>\nHistory&gt;Clear Recent History&#8230;&gt;Cookies Checked&gt;Sie m\u00fcssen die Schaltfl\u00e4che OK dr\u00fccken.<\/p>\n<p><strong>So l\u00f6schen Sie Cookies in Microsoft Edge:<\/strong><\/p>\n<p>W\u00e4hlen Sie die 3 horizontalen Punkte in der oberen rechten Ecke des Edge-Bildschirms.<br \/>\nEinstellungen&gt;Datenschutz, Suche und Dienste &gt; In der Mitte der Seite sind unter &#8222;Zu l\u00f6schende Elemente ausw\u00e4hlen&#8220;&gt;Cookies und andere Websitedaten markiert&gt; Sie m\u00fcssen auf die Schaltfl\u00e4che L\u00f6schen klicken.<\/p>\n<p><strong>So l\u00f6schen Sie Cookies im Internet Explorer:<\/strong><\/p>\n<p>Dr\u00fccken Sie die Zahnradtaste (Einstellungen) in der oberen rechten Ecke des Explorer-Bildschirms.<br \/>\nGehen Sie zu Internetoptionen&gt;Allgemein L\u00f6schen und klicken Sie auf L\u00f6schen&gt;Markieren Sie in dem sich \u00f6ffnenden Fenster Cookies und Website-Daten&gt;Klicken Sie auf L\u00f6schen.<\/p>\n<p><strong>L\u00f6schen von Cookies auf Mobiltelefonen<\/strong><\/p>\n<p><strong>Safari(Mobiltelefon)<\/strong><\/p>\n<p><strong>F\u00fcr das iPhone:<\/strong><br \/>\nEinstellungen &gt; Safari &gt; Verlauf und Websitedaten l\u00f6schen<br \/>\nBest\u00e4tigen Sie<\/p>\n<p><strong>Chrome(Mobiltelefon)<\/strong><\/p>\n<p><strong>F\u00fcr das iPhone:<\/strong><br \/>\nChrome &gt; Klicken Sie auf die drei Punkte in der unteren rechten Ecke.<br \/>\nGehen Sie zu Einstellungen.<br \/>\nKlicken Sie auf die Schaltfl\u00e4che Datenschutz.<br \/>\nBrowsing-Daten l\u00f6schen &gt; Cookies und Website-Daten kontrollieren.<br \/>\nScan-Daten l\u00f6schen &gt; Erledigt<\/p>\n<p><strong>F\u00fcr Android:<\/strong><br \/>\nChrome &gt; Mehr &gt; Einstellungen &gt; Datenschutz<br \/>\nScan-Daten l\u00f6schen<br \/>\nAlle Zeiten (fakultativ)<br \/>\nDaten l\u00f6schen<\/p>\n<p><strong>Firefox(Mobiltelefon)<\/strong><\/p>\n<p><strong>F\u00fcr das iPhone:<\/strong><br \/>\nEinstellungen &gt; Datenschutz &gt; Datenverwaltung &gt; Private Daten l\u00f6schen<\/p>\n<p><strong>F\u00fcr Android:<\/strong><br \/>\nMen\u00fc &gt; Datenschutz &gt; Jetzt l\u00f6schen &gt; Daten l\u00f6schen<\/p>\n<p><strong>Opera(Mobiltelefon)<\/strong><\/p>\n<p>Einstellungen &gt; Browserdaten l\u00f6schen<br \/>\nUm alle Ihre Cookies zu l\u00f6schen, klicken Sie auf Cookies und Website-Daten<br \/>\nKlicken Sie dann auf Reinigen<\/p>\n","protected":false},"excerpt":{"rendered":"<p>COOKIE-POLITIK Diese Cookie-Richtlinie erkl\u00e4rt, was Cookies sind und wie wir sie verwenden. Cookies sind kleine Informationspakete, die von Ihrem Webbrowser gespeichert werden, wenn Sie bestimmte Websites, einschlie\u00dflich unserer Website, besuchen. Cookies werden im Allgemeinen von Websites verwendet, um die Benutzerfreundlichkeit zu verbessern, indem sie es der Website erm\u00f6glichen, sich f\u00fcr die Dauer Ihres Besuchs an [&hellip;]<\/p>\n","protected":false},"author":1,"featured_media":0,"parent":0,"menu_order":0,"comment_status":"closed","ping_status":"closed","template":"","meta":{"_acf_changed":false,"footnotes":""},"class_list":["post-2197","page","type-page","status-publish","hentry"],"acf":[],"yoast_head":"<!-- This site is optimized with the Yoast SEO plugin v22.1 - https:\/\/yoast.com\/wordpress\/plugins\/seo\/ -->\n<title>Cookie-Richtlinie - Mess Tiefk\u00fchlpizza<\/title>\n<meta name=\"robots\" content=\"index, follow, max-snippet:-1, max-image-preview:large, max-video-preview:-1\" \/>\n<link rel=\"canonical\" href=\"https:\/\/messgida.com.tr\/de\/cookie-richtlinie\/\" \/>\n<meta property=\"og:locale\" content=\"de_DE\" \/>\n<meta property=\"og:type\" content=\"article\" \/>\n<meta property=\"og:title\" content=\"Cookie-Richtlinie - Mess Tiefk\u00fchlpizza\" \/>\n<meta property=\"og:description\" content=\"COOKIE-POLITIK Diese Cookie-Richtlinie erkl\u00e4rt, was Cookies sind und wie wir sie verwenden. Cookies sind kleine Informationspakete, die von Ihrem Webbrowser gespeichert werden, wenn Sie bestimmte Websites, einschlie\u00dflich unserer Website, besuchen. Cookies werden im Allgemeinen von Websites verwendet, um die Benutzerfreundlichkeit zu verbessern, indem sie es der Website erm\u00f6glichen, sich f\u00fcr die Dauer Ihres Besuchs an [&hellip;]\" \/>\n<meta property=\"og:url\" content=\"https:\/\/messgida.com.tr\/de\/cookie-richtlinie\/\" \/>\n<meta property=\"og:site_name\" content=\"Mess Tiefk\u00fchlpizza\" \/>\n<meta property=\"article:publisher\" content=\"https:\/\/www.facebook.com\/messgida\" \/>\n<meta name=\"twitter:card\" content=\"summary_large_image\" \/>\n<meta name=\"twitter:label1\" content=\"Gesch\u00e4tzte Lesezeit\" \/>\n\t<meta name=\"twitter:data1\" content=\"5\u00a0Minuten\" \/>\n<script type=\"application\/ld+json\" class=\"yoast-schema-graph\">{\"@context\":\"https:\/\/schema.org\",\"@graph\":[{\"@type\":\"WebPage\",\"@id\":\"https:\/\/messgida.com.tr\/de\/cookie-richtlinie\/\",\"url\":\"https:\/\/messgida.com.tr\/de\/cookie-richtlinie\/\",\"name\":\"Cookie-Richtlinie - Mess Tiefk\u00fchlpizza\",\"isPartOf\":{\"@id\":\"https:\/\/messgida.com.tr\/de\/#website\"},\"datePublished\":\"2022-12-05T21:02:48+00:00\",\"dateModified\":\"2022-12-05T21:02:48+00:00\",\"breadcrumb\":{\"@id\":\"https:\/\/messgida.com.tr\/de\/cookie-richtlinie\/#breadcrumb\"},\"inLanguage\":\"de\",\"potentialAction\":[{\"@type\":\"ReadAction\",\"target\":[\"https:\/\/messgida.com.tr\/de\/cookie-richtlinie\/\"]}]},{\"@type\":\"BreadcrumbList\",\"@id\":\"https:\/\/messgida.com.tr\/de\/cookie-richtlinie\/#breadcrumb\",\"itemListElement\":[{\"@type\":\"ListItem\",\"position\":1,\"name\":\"Anasayfa\",\"item\":\"https:\/\/messgida.com.tr\/de\/homepage\/\"},{\"@type\":\"ListItem\",\"position\":2,\"name\":\"Cookie-Richtlinie\"}]},{\"@type\":\"WebSite\",\"@id\":\"https:\/\/messgida.com.tr\/de\/#website\",\"url\":\"https:\/\/messgida.com.tr\/de\/\",\"name\":\"Mess Tiefk\u00fchlpizza\",\"description\":\"Gefrorene Aromen auf der Spur der Frische\",\"publisher\":{\"@id\":\"https:\/\/messgida.com.tr\/de\/#organization\"},\"potentialAction\":[{\"@type\":\"SearchAction\",\"target\":{\"@type\":\"EntryPoint\",\"urlTemplate\":\"https:\/\/messgida.com.tr\/de\/?s={search_term_string}\"},\"query-input\":\"required name=search_term_string\"}],\"inLanguage\":\"de\"},{\"@type\":\"Organization\",\"@id\":\"https:\/\/messgida.com.tr\/de\/#organization\",\"name\":\"Mess Tiefk\u00fchlpizza\",\"url\":\"https:\/\/messgida.com.tr\/de\/\",\"logo\":{\"@type\":\"ImageObject\",\"inLanguage\":\"de\",\"@id\":\"https:\/\/messgida.com.tr\/de\/#\/schema\/logo\/image\/\",\"url\":\"https:\/\/messgida.com.tr\/wp-content\/uploads\/2023\/02\/messgida-logo-dark.svg\",\"contentUrl\":\"https:\/\/messgida.com.tr\/wp-content\/uploads\/2023\/02\/messgida-logo-dark.svg\",\"width\":250,\"height\":46.07,\"caption\":\"Mess Tiefk\u00fchlpizza\"},\"image\":{\"@id\":\"https:\/\/messgida.com.tr\/de\/#\/schema\/logo\/image\/\"},\"sameAs\":[\"https:\/\/www.facebook.com\/messgida\"]}]}<\/script>\n<!-- \/ Yoast SEO plugin. -->","yoast_head_json":{"title":"Cookie-Richtlinie - Mess Tiefk\u00fchlpizza","robots":{"index":"index","follow":"follow","max-snippet":"max-snippet:-1","max-image-preview":"max-image-preview:large","max-video-preview":"max-video-preview:-1"},"canonical":"https:\/\/messgida.com.tr\/de\/cookie-richtlinie\/","og_locale":"de_DE","og_type":"article","og_title":"Cookie-Richtlinie - Mess Tiefk\u00fchlpizza","og_description":"COOKIE-POLITIK Diese Cookie-Richtlinie erkl\u00e4rt, was Cookies sind und wie wir sie verwenden. Cookies sind kleine Informationspakete, die von Ihrem Webbrowser gespeichert werden, wenn Sie bestimmte Websites, einschlie\u00dflich unserer Website, besuchen. Cookies werden im Allgemeinen von Websites verwendet, um die Benutzerfreundlichkeit zu verbessern, indem sie es der Website erm\u00f6glichen, sich f\u00fcr die Dauer Ihres Besuchs an [&hellip;]","og_url":"https:\/\/messgida.com.tr\/de\/cookie-richtlinie\/","og_site_name":"Mess Tiefk\u00fchlpizza","article_publisher":"https:\/\/www.facebook.com\/messgida","twitter_card":"summary_large_image","twitter_misc":{"Gesch\u00e4tzte Lesezeit":"5\u00a0Minuten"},"schema":{"@context":"https:\/\/schema.org","@graph":[{"@type":"WebPage","@id":"https:\/\/messgida.com.tr\/de\/cookie-richtlinie\/","url":"https:\/\/messgida.com.tr\/de\/cookie-richtlinie\/","name":"Cookie-Richtlinie - Mess Tiefk\u00fchlpizza","isPartOf":{"@id":"https:\/\/messgida.com.tr\/de\/#website"},"datePublished":"2022-12-05T21:02:48+00:00","dateModified":"2022-12-05T21:02:48+00:00","breadcrumb":{"@id":"https:\/\/messgida.com.tr\/de\/cookie-richtlinie\/#breadcrumb"},"inLanguage":"de","potentialAction":[{"@type":"ReadAction","target":["https:\/\/messgida.com.tr\/de\/cookie-richtlinie\/"]}]},{"@type":"BreadcrumbList","@id":"https:\/\/messgida.com.tr\/de\/cookie-richtlinie\/#breadcrumb","itemListElement":[{"@type":"ListItem","position":1,"name":"Anasayfa","item":"https:\/\/messgida.com.tr\/de\/homepage\/"},{"@type":"ListItem","position":2,"name":"Cookie-Richtlinie"}]},{"@type":"WebSite","@id":"https:\/\/messgida.com.tr\/de\/#website","url":"https:\/\/messgida.com.tr\/de\/","name":"Mess Tiefk\u00fchlpizza","description":"Gefrorene Aromen auf der Spur der Frische","publisher":{"@id":"https:\/\/messgida.com.tr\/de\/#organization"},"potentialAction":[{"@type":"SearchAction","target":{"@type":"EntryPoint","urlTemplate":"https:\/\/messgida.com.tr\/de\/?s={search_term_string}"},"query-input":"required name=search_term_string"}],"inLanguage":"de"},{"@type":"Organization","@id":"https:\/\/messgida.com.tr\/de\/#organization","name":"Mess Tiefk\u00fchlpizza","url":"https:\/\/messgida.com.tr\/de\/","logo":{"@type":"ImageObject","inLanguage":"de","@id":"https:\/\/messgida.com.tr\/de\/#\/schema\/logo\/image\/","url":"https:\/\/messgida.com.tr\/wp-content\/uploads\/2023\/02\/messgida-logo-dark.svg","contentUrl":"https:\/\/messgida.com.tr\/wp-content\/uploads\/2023\/02\/messgida-logo-dark.svg","width":250,"height":46.07,"caption":"Mess Tiefk\u00fchlpizza"},"image":{"@id":"https:\/\/messgida.com.tr\/de\/#\/schema\/logo\/image\/"},"sameAs":["https:\/\/www.facebook.com\/messgida"]}]}},"_links":{"self":[{"href":"https:\/\/messgida.com.tr\/de\/wp-json\/wp\/v2\/pages\/2197","targetHints":{"allow":["GET"]}}],"collection":[{"href":"https:\/\/messgida.com.tr\/de\/wp-json\/wp\/v2\/pages"}],"about":[{"href":"https:\/\/messgida.com.tr\/de\/wp-json\/wp\/v2\/types\/page"}],"author":[{"embeddable":true,"href":"https:\/\/messgida.com.tr\/de\/wp-json\/wp\/v2\/users\/1"}],"replies":[{"embeddable":true,"href":"https:\/\/messgida.com.tr\/de\/wp-json\/wp\/v2\/comments?post=2197"}],"version-history":[{"count":0,"href":"https:\/\/messgida.com.tr\/de\/wp-json\/wp\/v2\/pages\/2197\/revisions"}],"wp:attachment":[{"href":"https:\/\/messgida.com.tr\/de\/wp-json\/wp\/v2\/media?parent=2197"}],"curies":[{"name":"wp","href":"https:\/\/api.w.org\/{rel}","templated":true}]}}